{"id":527,"date":"2023-07-20T14:19:57","date_gmt":"2023-07-20T12:19:57","guid":{"rendered":"https:\/\/ticinoweb02.jcloud.ik-server.com\/3dental\/dienstleistungen\/kieferorthopaedie\/"},"modified":"2023-07-20T16:05:59","modified_gmt":"2023-07-20T14:05:59","slug":"kieferorthopaedie","status":"publish","type":"page","link":"https:\/\/3dental.ch\/de\/dienstleistungen\/kieferorthopaedie\/","title":{"rendered":"Kieferorthop\u00e4die"},"content":{"rendered":"\t\t<div data-elementor-type=\"wp-page\" data-elementor-id=\"527\" class=\"elementor elementor-527 elementor-146\" data-elementor-post-type=\"page\">\n\t\t\t\t\t\t<section class=\"elementor-section elementor-top-section elementor-element elementor-element-3cc112b animated-slow elementor-section-boxed elementor-section-height-default elementor-section-height-default elementor-invisible\" data-id=\"3cc112b\" data-element_type=\"section\" data-e-type=\"section\" data-settings=\"{&quot;background_background&quot;:&quot;classic&quot;,&quot;animation&quot;:&quot;fadeIn&quot;,&quot;background_motion_fx_motion_fx_scrolling&quot;:&quot;yes&quot;,&quot;background_motion_fx_scale_effect&quot;:&quot;yes&quot;,&quot;background_motion_fx_scale_speed&quot;:{&quot;unit&quot;:&quot;px&quot;,&quot;size&quot;:2,&quot;sizes&quot;:[]},&quot;background_motion_fx_scale_range&quot;:{&quot;unit&quot;:&quot;%&quot;,&quot;size&quot;:&quot;&quot;,&quot;sizes&quot;:{&quot;start&quot;:67,&quot;end&quot;:100}},&quot;background_motion_fx_scale_direction&quot;:&quot;out-in&quot;,&quot;background_motion_fx_devices&quot;:[&quot;desktop&quot;,&quot;tablet&quot;,&quot;mobile&quot;]}\">\n\t\t\t\t\t\t\t<div class=\"elementor-background-overlay\"><\/div>\n\t\t\t\t\t\t\t<div class=\"elementor-container elementor-column-gap-default\">\n\t\t\t\t\t<div class=\"elementor-column elementor-col-100 elementor-top-column elementor-element elementor-element-862ec22\" data-id=\"862ec22\" data-element_type=\"column\" data-e-type=\"column\">\n\t\t\t<div class=\"elementor-widget-wrap elementor-element-populated\">\n\t\t\t\t\t\t\t<\/div>\n\t\t<\/div>\n\t\t\t\t\t<\/div>\n\t\t<\/section>\n\t\t\t\t<section class=\"elementor-section elementor-top-section elementor-element elementor-element-d6fbc32 elementor-section-boxed elementor-section-height-default elementor-section-height-default\" data-id=\"d6fbc32\" data-element_type=\"section\" data-e-type=\"section\">\n\t\t\t\t\t\t<div class=\"elementor-container elementor-column-gap-default\">\n\t\t\t\t\t<div class=\"elementor-column elementor-col-50 elementor-top-column elementor-element elementor-element-e59bd87\" data-id=\"e59bd87\" data-element_type=\"column\" data-e-type=\"column\">\n\t\t\t<div class=\"elementor-widget-wrap elementor-element-populated\">\n\t\t\t\t\t\t<div class=\"elementor-element elementor-element-b167119 elementor-widget elementor-widget-heading\" data-id=\"b167119\" data-element_type=\"widget\" data-e-type=\"widget\" data-widget_type=\"heading.default\">\n\t\t\t\t<div class=\"elementor-widget-container\">\n\t\t\t\t\t<h2 class=\"elementor-heading-title elementor-size-default\">Kieferorthop\u00e4die\n<\/h2>\t\t\t\t<\/div>\n\t\t\t\t<\/div>\n\t\t\t\t<div class=\"elementor-element elementor-element-4e1558f elementor-invisible elementor-widget elementor-widget-text-editor\" data-id=\"4e1558f\" data-element_type=\"widget\" data-e-type=\"widget\" data-settings=\"{&quot;_animation&quot;:&quot;fadeIn&quot;,&quot;_animation_delay&quot;:50}\" data-widget_type=\"text-editor.default\">\n\t\t\t\t<div class=\"elementor-widget-container\">\n\t\t\t\t\t\t\t\t\t<div id=\"comp-kc4w105t\" class=\"BaOVQ8 tz5f0K comp-kc4w105t wixui-rich-text\" data-testid=\"richTextElement\">\n<div id=\"comp-kc4w105t\" class=\"BaOVQ8 tz5f0K comp-kc4w105t wixui-rich-text\" data-testid=\"richTextElement\">\n<p class=\"font_8 wixui-rich-text__text\"><span class=\"wixui-rich-text__text\">Das Labor von 3D Dental Project entwirft und fertigt kieferorthop\u00e4dische Ger\u00e4te, um den vielf\u00e4ltigen Bed\u00fcrfnissen der \u00c4rzte gerecht zu werden, dank eines hohen Niveaus an Kenntnissen auf diesem Gebiet, das durch jahrelange Praxis, Kurse, Aktualisierungen und Zusammenarbeit erworben wurde.<\/span><\/p>\n<p class=\"font_8 wixui-rich-text__text\"><span class=\"wixui-rich-text__text\">Die sorgf\u00e4ltige und pr\u00e4zise Behandlung der einzelnen F\u00e4lle und die enge Zusammenarbeit mit der Zahnklinik erm\u00f6glichen die Entwicklung und Herstellung pr\u00e4ziser und zuverl\u00e4ssiger kieferorthop\u00e4discher Ger\u00e4te. Die verwendeten Materialien sind die besten, die der Markt zu bieten hat und werden von den besten Lieferanten ausgew\u00e4hlt.  <\/span><\/p>\n<p class=\"font_8 wixui-rich-text__text\"><span class=\"wixui-rich-text__text\">Das 3D-Dental-Projektlabor ist eine Garantie f\u00fcr absolute Qualit\u00e4t.<\/span><\/p>\n<\/div>\n<\/div>\n\t\t\t\t\t\t\t\t<\/div>\n\t\t\t\t<\/div>\n\t\t\t\t\t<\/div>\n\t\t<\/div>\n\t\t\t\t<div class=\"elementor-column elementor-col-50 elementor-top-column elementor-element elementor-element-aeca260\" data-id=\"aeca260\" data-element_type=\"column\" data-e-type=\"column\">\n\t\t\t<div class=\"elementor-widget-wrap elementor-element-populated\">\n\t\t\t\t\t\t<div class=\"elementor-element elementor-element-e9728e1 elementor-widget elementor-widget-image\" data-id=\"e9728e1\" data-element_type=\"widget\" data-e-type=\"widget\" data-widget_type=\"image.default\">\n\t\t\t\t<div class=\"elementor-widget-container\">\n\t\t\t\t\t\t\t\t\t\t\t\t\t\t\t<img fetchpriority=\"high\" decoding=\"async\" width=\"800\" height=\"817\" src=\"https:\/\/3dental.ch\/wp-content\/uploads\/sites\/110\/2023\/07\/orto_a.webp\" class=\"attachment-large size-large wp-image-150\" alt=\"\" srcset=\"https:\/\/3dental.ch\/wp-content\/uploads\/sites\/110\/2023\/07\/orto_a.webp 842w, https:\/\/3dental.ch\/wp-content\/uploads\/sites\/110\/2023\/07\/orto_a-294x300.webp 294w, https:\/\/3dental.ch\/wp-content\/uploads\/sites\/110\/2023\/07\/orto_a-768x784.webp 768w\" sizes=\"(max-width: 800px) 100vw, 800px\" \/>\t\t\t\t\t\t\t\t\t\t\t\t\t\t\t<\/div>\n\t\t\t\t<\/div>\n\t\t\t\t\t<\/div>\n\t\t<\/div>\n\t\t\t\t\t<\/div>\n\t\t<\/section>\n\t\t\t\t<section class=\"elementor-section elementor-top-section elementor-element elementor-element-ed3bccb elementor-section-boxed elementor-section-height-default elementor-section-height-default\" data-id=\"ed3bccb\" data-element_type=\"section\" data-e-type=\"section\" data-settings=\"{&quot;background_background&quot;:&quot;classic&quot;}\">\n\t\t\t\t\t\t<div class=\"elementor-container elementor-column-gap-default\">\n\t\t\t\t\t<div class=\"elementor-column elementor-col-50 elementor-top-column elementor-element elementor-element-500ec95\" data-id=\"500ec95\" data-element_type=\"column\" data-e-type=\"column\">\n\t\t\t<div class=\"elementor-widget-wrap elementor-element-populated\">\n\t\t\t\t\t\t<div class=\"elementor-element elementor-element-2060bb3 elementor-widget elementor-widget-image\" data-id=\"2060bb3\" data-element_type=\"widget\" data-e-type=\"widget\" data-widget_type=\"image.default\">\n\t\t\t\t<div class=\"elementor-widget-container\">\n\t\t\t\t\t\t\t\t\t\t\t\t\t\t\t<img decoding=\"async\" width=\"790\" height=\"850\" src=\"https:\/\/3dental.ch\/wp-content\/uploads\/sites\/110\/2023\/07\/orto_b.webp\" class=\"attachment-full size-full wp-image-154\" alt=\"\" srcset=\"https:\/\/3dental.ch\/wp-content\/uploads\/sites\/110\/2023\/07\/orto_b.webp 790w, https:\/\/3dental.ch\/wp-content\/uploads\/sites\/110\/2023\/07\/orto_b-279x300.webp 279w, https:\/\/3dental.ch\/wp-content\/uploads\/sites\/110\/2023\/07\/orto_b-768x826.webp 768w\" sizes=\"(max-width: 790px) 100vw, 790px\" \/>\t\t\t\t\t\t\t\t\t\t\t\t\t\t\t<\/div>\n\t\t\t\t<\/div>\n\t\t\t\t\t<\/div>\n\t\t<\/div>\n\t\t\t\t<div class=\"elementor-column elementor-col-50 elementor-top-column elementor-element elementor-element-a9592bb\" data-id=\"a9592bb\" data-element_type=\"column\" data-e-type=\"column\">\n\t\t\t<div class=\"elementor-widget-wrap elementor-element-populated\">\n\t\t\t\t\t\t<div class=\"elementor-element elementor-element-9038ee3 elementor-widget elementor-widget-heading\" data-id=\"9038ee3\" data-element_type=\"widget\" data-e-type=\"widget\" data-widget_type=\"heading.default\">\n\t\t\t\t<div class=\"elementor-widget-container\">\n\t\t\t\t\t<h2 class=\"elementor-heading-title elementor-size-default\">Unsichtbar<\/h2>\t\t\t\t<\/div>\n\t\t\t\t<\/div>\n\t\t\t\t<div class=\"elementor-element elementor-element-39bebf6 elementor-widget__width-inherit elementor-invisible elementor-widget elementor-widget-text-editor\" data-id=\"39bebf6\" data-element_type=\"widget\" data-e-type=\"widget\" data-settings=\"{&quot;_animation&quot;:&quot;fadeIn&quot;,&quot;_animation_delay&quot;:100}\" data-widget_type=\"text-editor.default\">\n\t\t\t\t<div class=\"elementor-widget-container\">\n\t\t\t\t\t\t\t\t\t<p class=\"font_8 wixui-rich-text__text\"><span class=\"wixui-rich-text__text\">Wenn Sie bereit sind zu l\u00e4cheln, sind Sie bereit f\u00fcr das fortschrittlichste Aligner-System auf dem Markt.  <\/span><span class=\"wixui-rich-text__text\">Seine internationale Full Digital Technologie ist kompromisslos und seine Qualit\u00e4ten sprechen f\u00fcr sich:<\/span><\/p>\n<p class=\"font_8 wixui-rich-text__text\"><strong>Praktisch unsichtbar<\/strong><br \/>selbstbewusst zu kommunizieren und unbeschwert zu lachen<\/p>\n<p><strong>Wahrhaft komfortabel:<br \/><\/strong><span class=\"wixui-rich-text__text\">Die ma\u00dfgefertigten Aligner, die sich angenehm anf\u00fchlen, sehr d\u00fcnn <\/span><span class=\"wixui-rich-text__text\">und v\u00f6llig glatt, frei von Metallhaken<\/span><\/p>\n<p class=\"font_8 wixui-rich-text__text\"><strong><br \/>\n  <span class=\"wixui-rich-text__text\">Leicht abnehmbar<br \/><\/span><br \/>\n<\/strong><span class=\"wixui-rich-text__text\">kann jederzeit abgenommen und wieder angezogen werden, mit gro\u00dfer Leichtigkeit <\/span><span class=\"wixui-rich-text__text\">und in aller Einfachheit<\/span><\/p>\n<p class=\"font_8 wixui-rich-text__text\"><strong><br \/>\n  <span class=\"wixui-rich-text__text\">Absolut hygienisch<br \/><\/span><br \/>\n<\/strong><span class=\"wixui-rich-text__text\">Die Reinigung erfolgt wie gewohnt mit Zahnb\u00fcrste, Zahnpasta <\/span><span class=\"wixui-rich-text__text\">und den empfohlenen Reinigungsmitteln<\/span><\/p>\n<p class=\"font_8 wixui-rich-text__text\"><strong><br \/>\n  <span class=\"wixui-rich-text__text\">Sehr effektive<br \/><\/span><br \/>\n<\/strong><span class=\"wixui-rich-text__text\">die Behandlung f\u00fchrt zu optimalen und pr\u00e4zisen Ergebnissen in einem definierten und vorhersehbaren Zeitrahmen<\/span><\/p>\n\t\t\t\t\t\t\t\t<\/div>\n\t\t\t\t<\/div>\n\t\t\t\t\t<\/div>\n\t\t<\/div>\n\t\t\t\t\t<\/div>\n\t\t<\/section>\n\t\t\t\t<section class=\"elementor-section elementor-top-section elementor-element elementor-element-96ea3da elementor-section-boxed elementor-section-height-default elementor-section-height-default\" data-id=\"96ea3da\" data-element_type=\"section\" data-e-type=\"section\">\n\t\t\t\t\t\t<div class=\"elementor-container elementor-column-gap-default\">\n\t\t\t\t\t<div class=\"elementor-column elementor-col-50 elementor-top-column elementor-element elementor-element-748b9ab\" data-id=\"748b9ab\" data-element_type=\"column\" data-e-type=\"column\">\n\t\t\t<div class=\"elementor-widget-wrap elementor-element-populated\">\n\t\t\t\t\t\t<div class=\"elementor-element elementor-element-b78b32a elementor-widget elementor-widget-heading\" data-id=\"b78b32a\" data-element_type=\"widget\" data-e-type=\"widget\" data-widget_type=\"heading.default\">\n\t\t\t\t<div class=\"elementor-widget-container\">\n\t\t\t\t\t<h2 class=\"elementor-heading-title elementor-size-default\">Festnetz und mobil\n<\/h2>\t\t\t\t<\/div>\n\t\t\t\t<\/div>\n\t\t\t\t<div class=\"elementor-element elementor-element-e9954c5 elementor-invisible elementor-widget elementor-widget-text-editor\" data-id=\"e9954c5\" data-element_type=\"widget\" data-e-type=\"widget\" data-settings=\"{&quot;_animation&quot;:&quot;fadeIn&quot;,&quot;_animation_delay&quot;:50}\" data-widget_type=\"text-editor.default\">\n\t\t\t\t<div class=\"elementor-widget-container\">\n\t\t\t\t\t\t\t\t\t<div id=\"comp-kc4w105t\" class=\"BaOVQ8 tz5f0K comp-kc4w105t wixui-rich-text\" data-testid=\"richTextElement\">\n<div id=\"comp-kc4w105t\" class=\"BaOVQ8 tz5f0K comp-kc4w105t wixui-rich-text\" data-testid=\"richTextElement\">\n<p class=\"font_8 wixui-rich-text__text\"><span class=\"wixui-rich-text__text\">Moderne kieferorthop\u00e4dische Ger\u00e4te korrigieren perfekt Zahnfehlstellungen und verbessern gleichzeitig <\/span><span class=\"wixui-rich-text__text\"><br class=\"wixui-rich-text__text\">Ger\u00e4te f\u00fcr die festsitzende und mobile Kieferorthop\u00e4die werden im Labor von 3D Dental Project hergestellt, <\/span><span class=\"wixui-rich-text__text\">auf der Suche nach dem perfekten Produkt f\u00fcr den Mund des Patienten.<br \/><\/span><span class=\"wixui-rich-text__text\">Das kieferorthop\u00e4dische Labor ist auf die Herstellung von festsitzenden und herausnehmbaren kieferorthop\u00e4dischen Ger\u00e4ten spezialisiert. Einige Ger\u00e4te werden mit Lasertechnik geschwei\u00dft, und aufgrund ihrer hohen Biotoleranz bleiben dem Patienten Probleme durch Korrosion erspart,  <\/span><span class=\"wixui-rich-text__text\">die durch den Bimetallismus des traditionellen Hartl\u00f6tverfahrens verursacht werden.<br \/><\/span><span class=\"wixui-rich-text__text\">Auf Wunsch k\u00f6nnen wir die Platten mit den vom Patienten gew\u00e4hlten Farben individuell gestalten.<br \/><\/span><span class=\"wixui-rich-text__text\">Die sorgf\u00e4ltige und pr\u00e4zise Behandlung der einzelnen F\u00e4lle und die enge Zusammenarbeit mit der Zahnklinik erm\u00f6glichen die Entwicklung und Herstellung pr\u00e4ziser und zuverl\u00e4ssiger kieferorthop\u00e4discher Ger\u00e4te. Die verwendeten Materialien sind die besten, die der Markt zu bieten hat und werden von den besten Lieferanten ausgew\u00e4hlt.<br \/><\/span><span class=\"wixui-rich-text__text\">Das 3D-Dental-Projektlabor ist eine Garantie f\u00fcr absolute Qualit\u00e4t.<\/span><\/p>\n<\/div>\n<\/div>\n\t\t\t\t\t\t\t\t<\/div>\n\t\t\t\t<\/div>\n\t\t\t\t\t<\/div>\n\t\t<\/div>\n\t\t\t\t<div class=\"elementor-column elementor-col-50 elementor-top-column elementor-element elementor-element-b6352bd\" data-id=\"b6352bd\" data-element_type=\"column\" data-e-type=\"column\">\n\t\t\t<div class=\"elementor-widget-wrap elementor-element-populated\">\n\t\t\t\t\t\t<div class=\"elementor-element elementor-element-3ee20cc elementor-widget elementor-widget-image\" data-id=\"3ee20cc\" data-element_type=\"widget\" data-e-type=\"widget\" data-widget_type=\"image.default\">\n\t\t\t\t<div class=\"elementor-widget-container\">\n\t\t\t\t\t\t\t\t\t\t\t\t\t\t\t<img decoding=\"async\" width=\"800\" height=\"530\" src=\"https:\/\/3dental.ch\/wp-content\/uploads\/sites\/110\/2023\/07\/FISSO-1-1024x679.webp\" class=\"attachment-large size-large wp-image-155\" alt=\"\" srcset=\"https:\/\/3dental.ch\/wp-content\/uploads\/sites\/110\/2023\/07\/FISSO-1-1024x679.webp 1024w, https:\/\/3dental.ch\/wp-content\/uploads\/sites\/110\/2023\/07\/FISSO-1-300x199.webp 300w, https:\/\/3dental.ch\/wp-content\/uploads\/sites\/110\/2023\/07\/FISSO-1-768x509.webp 768w, https:\/\/3dental.ch\/wp-content\/uploads\/sites\/110\/2023\/07\/FISSO-1-1536x1018.webp 1536w, https:\/\/3dental.ch\/wp-content\/uploads\/sites\/110\/2023\/07\/FISSO-1.webp 1840w\" sizes=\"(max-width: 800px) 100vw, 800px\" \/>\t\t\t\t\t\t\t\t\t\t\t\t\t\t\t<\/div>\n\t\t\t\t<\/div>\n\t\t\t\t<div class=\"elementor-element elementor-element-7fe11f4 elementor-widget elementor-widget-image\" data-id=\"7fe11f4\" data-element_type=\"widget\" data-e-type=\"widget\" data-widget_type=\"image.default\">\n\t\t\t\t<div class=\"elementor-widget-container\">\n\t\t\t\t\t\t\t\t\t\t\t\t\t\t\t<img loading=\"lazy\" decoding=\"async\" width=\"800\" height=\"539\" src=\"https:\/\/3dental.ch\/wp-content\/uploads\/sites\/110\/2023\/07\/MOBILE-1024x690.webp\" class=\"attachment-large size-large wp-image-156\" alt=\"\" srcset=\"https:\/\/3dental.ch\/wp-content\/uploads\/sites\/110\/2023\/07\/MOBILE-1024x690.webp 1024w, https:\/\/3dental.ch\/wp-content\/uploads\/sites\/110\/2023\/07\/MOBILE-300x202.webp 300w, https:\/\/3dental.ch\/wp-content\/uploads\/sites\/110\/2023\/07\/MOBILE-768x518.webp 768w, https:\/\/3dental.ch\/wp-content\/uploads\/sites\/110\/2023\/07\/MOBILE-1536x1035.webp 1536w, https:\/\/3dental.ch\/wp-content\/uploads\/sites\/110\/2023\/07\/MOBILE.webp 1840w\" sizes=\"(max-width: 800px) 100vw, 800px\" \/>\t\t\t\t\t\t\t\t\t\t\t\t\t\t\t<\/div>\n\t\t\t\t<\/div>\n\t\t\t\t\t<\/div>\n\t\t<\/div>\n\t\t\t\t\t<\/div>\n\t\t<\/section>\n\t\t\t\t<section class=\"elementor-section elementor-top-section elementor-element elementor-element-21ae8a99 elementor-section-boxed elementor-section-height-default elementor-section-height-default\" data-id=\"21ae8a99\" data-element_type=\"section\" data-e-type=\"section\" data-settings=\"{&quot;background_background&quot;:&quot;classic&quot;}\">\n\t\t\t\t\t\t<div class=\"elementor-container elementor-column-gap-default\">\n\t\t\t\t\t<div class=\"elementor-column elementor-col-100 elementor-top-column elementor-element elementor-element-1597c6d2\" data-id=\"1597c6d2\" data-element_type=\"column\" data-e-type=\"column\">\n\t\t\t<div class=\"elementor-widget-wrap elementor-element-populated\">\n\t\t\t\t\t\t<div class=\"elementor-element elementor-element-426dc9d0 elementor-invisible elementor-widget elementor-widget-heading\" data-id=\"426dc9d0\" data-element_type=\"widget\" data-e-type=\"widget\" data-settings=\"{&quot;_animation&quot;:&quot;fadeInUp&quot;}\" data-widget_type=\"heading.default\">\n\t\t\t\t<div class=\"elementor-widget-container\">\n\t\t\t\t\t<h2 class=\"elementor-heading-title elementor-size-default\">Zahntechnisches Labor<\/h2>\t\t\t\t<\/div>\n\t\t\t\t<\/div>\n\t\t\t\t<div class=\"elementor-element elementor-element-628a0e58 elementor-invisible elementor-widget elementor-widget-text-editor\" data-id=\"628a0e58\" data-element_type=\"widget\" data-e-type=\"widget\" data-settings=\"{&quot;_animation&quot;:&quot;fadeInUp&quot;,&quot;_animation_delay&quot;:100}\" data-widget_type=\"text-editor.default\">\n\t\t\t\t<div class=\"elementor-widget-container\">\n\t\t\t\t\t\t\t\t\t<p>Spezialisiert auf Zahnprothetik, Kieferorthop\u00e4die, Zahnfotografie<\/p>\n\t\t\t\t\t\t\t\t<\/div>\n\t\t\t\t<\/div>\n\t\t\t\t<div class=\"elementor-element elementor-element-7caff6 elementor-align-center animated-slow elementor-invisible elementor-widget elementor-widget-button\" data-id=\"7caff6\" data-element_type=\"widget\" data-e-type=\"widget\" data-settings=\"{&quot;_animation&quot;:&quot;fadeInUp&quot;,&quot;_animation_delay&quot;:200}\" data-widget_type=\"button.default\">\n\t\t\t\t<div class=\"elementor-widget-container\">\n\t\t\t\t\t\t\t\t\t<div class=\"elementor-button-wrapper\">\n\t\t\t\t\t<a class=\"elementor-button elementor-button-link elementor-size-sm\" href=\"https:\/\/3dental.ch\/contatti\/\">\n\t\t\t\t\t\t<span class=\"elementor-button-content-wrapper\">\n\t\t\t\t\t\t\t\t\t<span class=\"elementor-button-text\">Buchen Sie eine Beratung<\/span>\n\t\t\t\t\t<\/span>\n\t\t\t\t\t<\/a>\n\t\t\t\t<\/div>\n\t\t\t\t\t\t\t\t<\/div>\n\t\t\t\t<\/div>\n\t\t\t\t\t<\/div>\n\t\t<\/div>\n\t\t\t\t\t<\/div>\n\t\t<\/section>\n\t\t\t\t<\/div>\n\t\t","protected":false},"excerpt":{"rendered":"<p>Kieferorthop\u00e4die Das Labor von 3D Dental Project entwirft und fertigt kieferorthop\u00e4dische Ger\u00e4te, um den vielf\u00e4ltigen Bed\u00fcrfnissen der \u00c4rzte gerecht zu werden, dank eines hohen Niveaus an Kenntnissen auf diesem Gebiet, das durch jahrelange Praxis, Kurse, Aktualisierungen und Zusammenarbeit erworben wurde. Die sorgf\u00e4ltige und pr\u00e4zise Behandlung der einzelnen F\u00e4lle und die enge Zusammenarbeit mit der Zahnklinik [&hellip;]<\/p>\n","protected":false},"author":13,"featured_media":0,"parent":504,"menu_order":0,"comment_status":"closed","ping_status":"open","template":"elementor_header_footer","meta":{"_seopress_robots_primary_cat":"","_seopress_titles_title":"","_seopress_titles_desc":"","_seopress_robots_index":"","footnotes":""},"class_list":["post-527","page","type-page","status-publish","hentry"],"_links":{"self":[{"href":"https:\/\/3dental.ch\/de\/wp-json\/wp\/v2\/pages\/527","targetHints":{"allow":["GET"]}}],"collection":[{"href":"https:\/\/3dental.ch\/de\/wp-json\/wp\/v2\/pages"}],"about":[{"href":"https:\/\/3dental.ch\/de\/wp-json\/wp\/v2\/types\/page"}],"author":[{"embeddable":true,"href":"https:\/\/3dental.ch\/de\/wp-json\/wp\/v2\/users\/13"}],"replies":[{"embeddable":true,"href":"https:\/\/3dental.ch\/de\/wp-json\/wp\/v2\/comments?post=527"}],"version-history":[{"count":0,"href":"https:\/\/3dental.ch\/de\/wp-json\/wp\/v2\/pages\/527\/revisions"}],"up":[{"embeddable":true,"href":"https:\/\/3dental.ch\/de\/wp-json\/wp\/v2\/pages\/504"}],"wp:attachment":[{"href":"https:\/\/3dental.ch\/de\/wp-json\/wp\/v2\/media?parent=527"}],"curies":[{"name":"wp","href":"https:\/\/api.w.org\/{rel}","templated":true}]}}