{"id":533,"date":"2023-07-20T15:17:58","date_gmt":"2023-07-20T13:17:58","guid":{"rendered":"https:\/\/ticinoweb02.jcloud.ik-server.com\/3dental\/dienstleistungen\/aesthetische-keramik\/"},"modified":"2023-07-20T16:52:25","modified_gmt":"2023-07-20T14:52:25","slug":"aesthetische-keramik","status":"publish","type":"page","link":"https:\/\/3dental.ch\/de\/dienstleistungen\/aesthetische-keramik\/","title":{"rendered":"\u00c4sthetische Keramik"},"content":{"rendered":"\t\t<div data-elementor-type=\"wp-page\" data-elementor-id=\"533\" class=\"elementor elementor-533 elementor-224\" data-elementor-post-type=\"page\">\n\t\t\t\t\t\t<section class=\"elementor-section elementor-top-section elementor-element elementor-element-35edc722 animated-slow elementor-section-boxed elementor-section-height-default elementor-section-height-default elementor-invisible\" data-id=\"35edc722\" data-element_type=\"section\" data-e-type=\"section\" data-settings=\"{&quot;background_background&quot;:&quot;classic&quot;,&quot;animation&quot;:&quot;fadeIn&quot;,&quot;background_motion_fx_motion_fx_scrolling&quot;:&quot;yes&quot;,&quot;background_motion_fx_scale_effect&quot;:&quot;yes&quot;,&quot;background_motion_fx_scale_speed&quot;:{&quot;unit&quot;:&quot;px&quot;,&quot;size&quot;:2,&quot;sizes&quot;:[]},&quot;background_motion_fx_scale_range&quot;:{&quot;unit&quot;:&quot;%&quot;,&quot;size&quot;:&quot;&quot;,&quot;sizes&quot;:{&quot;start&quot;:67,&quot;end&quot;:100}},&quot;background_motion_fx_scale_direction&quot;:&quot;out-in&quot;,&quot;background_motion_fx_devices&quot;:[&quot;desktop&quot;,&quot;tablet&quot;,&quot;mobile&quot;]}\">\n\t\t\t\t\t\t\t<div class=\"elementor-background-overlay\"><\/div>\n\t\t\t\t\t\t\t<div class=\"elementor-container elementor-column-gap-default\">\n\t\t\t\t\t<div class=\"elementor-column elementor-col-100 elementor-top-column elementor-element elementor-element-5e89a00b\" data-id=\"5e89a00b\" data-element_type=\"column\" data-e-type=\"column\">\n\t\t\t<div class=\"elementor-widget-wrap elementor-element-populated\">\n\t\t\t\t\t\t\t<\/div>\n\t\t<\/div>\n\t\t\t\t\t<\/div>\n\t\t<\/section>\n\t\t\t\t<section class=\"elementor-section elementor-top-section elementor-element elementor-element-277b0e9 elementor-section-boxed elementor-section-height-default elementor-section-height-default\" data-id=\"277b0e9\" data-element_type=\"section\" data-e-type=\"section\">\n\t\t\t\t\t\t<div class=\"elementor-container elementor-column-gap-default\">\n\t\t\t\t\t<div class=\"elementor-column elementor-col-50 elementor-top-column elementor-element elementor-element-35dc635\" data-id=\"35dc635\" data-element_type=\"column\" data-e-type=\"column\">\n\t\t\t<div class=\"elementor-widget-wrap elementor-element-populated\">\n\t\t\t\t\t\t<div class=\"elementor-element elementor-element-34f9ed0 elementor-invisible elementor-widget elementor-widget-text-editor\" data-id=\"34f9ed0\" data-element_type=\"widget\" data-e-type=\"widget\" data-settings=\"{&quot;_animation&quot;:&quot;fadeIn&quot;,&quot;_animation_delay&quot;:50}\" data-widget_type=\"text-editor.default\">\n\t\t\t\t<div class=\"elementor-widget-container\">\n\t\t\t\t\t\t\t\t\t<div id=\"comp-kc4w105t\" class=\"BaOVQ8 tz5f0K comp-kc4w105t wixui-rich-text\" data-testid=\"richTextElement\">\n<div id=\"comp-kc4w105t\" class=\"BaOVQ8 tz5f0K comp-kc4w105t wixui-rich-text\" data-testid=\"richTextElement\">\n<p class=\"font_8 wixui-rich-text__text\"><span class=\"wixui-rich-text__text\">Lithiumdisilikat erm\u00f6glicht die Herstellung von monolithischen Einzelzahnrestaurationen. Die innovative Keramik liefert im Vergleich zu anderen Glaskeramiken hoch\u00e4sthetische Ergebnisse,  <\/span><span class=\"wixui-rich-text__text\">hat den 2,5- bis 3-fachen Widerstand.<\/span><\/p>\n<p class=\"font_8 wixui-rich-text__text\"><span class=\"wixui-rich-text__text\">Die Zirkoniumdioxid-Unterkonstruktion kann auch f\u00fcr Br\u00fccken im Seitenzahnbereich verwendet werden.  <\/span><span class=\"wixui-rich-text__text\">Das Material wird in der Werkstatt mit Hilfe der Press- oder CAD\/CAM-Technologie bearbeitet. Jahrelange klinische Erfahrungen belegen die 500 MPa Festigkeit von Lithiumdisilikat. Dank ihrer hohen Festigkeit bieten die Restaurationen flexible Zementierungsm\u00f6glichkeiten. Je nach Wunsch des Patienten k\u00f6nnen die Restaurationen hoch\u00e4sthetisch verblendet werden,  <\/span><span class=\"wixui-rich-text__text\">oder bemalt werden, wenn sie vollanatomisch hergestellt sind.  <\/span><span class=\"wixui-rich-text__text\">Auch bei dunklen St\u00fcmpfen (z.B. durch Verf\u00e4rbungen oder bei Titanabutments) k\u00f6nnen vollkeramische Versorgungen angefertigt werden. Indem er dem Labor die Farbe des Abutments mitteilt, kann der Zahntechniker das Lithiumdisilikat mit der gew\u00fcnschten Opazit\u00e4t ausw\u00e4hlen, so dass die nat\u00fcrliche \u00c4sthetik wiederhergestellt werden kann.<\/span><\/p>\n<p class=\"font_8 wixui-rich-text__text\"><span class=\"wixui-rich-text__text\">Das Fehlen von Metall erm\u00f6glicht es uns, Transparenzen zu erstellen und die nat\u00fcrliche Zahnsubstanz besser zu imitieren, was zu einem hervorragenden Ergebnis f\u00fchrt.<\/span><\/p>\n<\/div>\n<\/div>\n\t\t\t\t\t\t\t\t<\/div>\n\t\t\t\t<\/div>\n\t\t\t\t\t<\/div>\n\t\t<\/div>\n\t\t\t\t<div class=\"elementor-column elementor-col-50 elementor-top-column elementor-element elementor-element-5b00ffd\" data-id=\"5b00ffd\" data-element_type=\"column\" data-e-type=\"column\">\n\t\t\t<div class=\"elementor-widget-wrap elementor-element-populated\">\n\t\t\t\t\t\t<div class=\"elementor-element elementor-element-eaad6b0 elementor-widget elementor-widget-gallery\" data-id=\"eaad6b0\" data-element_type=\"widget\" data-e-type=\"widget\" data-settings=\"{&quot;columns&quot;:2,&quot;aspect_ratio&quot;:&quot;1:1&quot;,&quot;lazyload&quot;:&quot;yes&quot;,&quot;gallery_layout&quot;:&quot;grid&quot;,&quot;columns_tablet&quot;:2,&quot;columns_mobile&quot;:1,&quot;gap&quot;:{&quot;unit&quot;:&quot;px&quot;,&quot;size&quot;:10,&quot;sizes&quot;:[]},&quot;gap_tablet&quot;:{&quot;unit&quot;:&quot;px&quot;,&quot;size&quot;:10,&quot;sizes&quot;:[]},&quot;gap_mobile&quot;:{&quot;unit&quot;:&quot;px&quot;,&quot;size&quot;:10,&quot;sizes&quot;:[]},&quot;link_to&quot;:&quot;file&quot;,&quot;overlay_background&quot;:&quot;yes&quot;,&quot;content_hover_animation&quot;:&quot;fade-in&quot;}\" data-widget_type=\"gallery.default\">\n\t\t\t\t<div class=\"elementor-widget-container\">\n\t\t\t\t\t\t\t<div class=\"elementor-gallery__container\">\n\t\t\t\t\t\t\t<a class=\"e-gallery-item elementor-gallery-item elementor-animated-content\" href=\"https:\/\/3dental.ch\/wp-content\/uploads\/sites\/110\/2023\/07\/FACCETTE_001.webp\" data-elementor-open-lightbox=\"yes\" data-elementor-lightbox-slideshow=\"eaad6b0\" data-elementor-lightbox-title=\"FACCETTE_001\" data-e-action-hash=\"#elementor-action%3Aaction%3Dlightbox%26settings%3DeyJpZCI6MjMyLCJ1cmwiOiJodHRwczpcL1wvM2RlbnRhbC5jaFwvd3AtY29udGVudFwvdXBsb2Fkc1wvc2l0ZXNcLzExMFwvMjAyM1wvMDdcL0ZBQ0NFVFRFXzAwMS53ZWJwIiwic2xpZGVzaG93IjoiZWFhZDZiMCJ9\">\n\t\t\t\t\t<div class=\"e-gallery-image elementor-gallery-item__image\" data-thumbnail=\"https:\/\/3dental.ch\/wp-content\/uploads\/sites\/110\/2023\/07\/FACCETTE_001.webp\" data-width=\"882\" data-height=\"500\" aria-label=\"\" role=\"img\" ><\/div>\n\t\t\t\t\t\t\t\t\t\t\t<div class=\"elementor-gallery-item__overlay\"><\/div>\n\t\t\t\t\t\t\t\t\t\t\t\t\t\t<\/a>\n\t\t\t\t\t\t\t<a class=\"e-gallery-item elementor-gallery-item elementor-animated-content\" href=\"https:\/\/3dental.ch\/wp-content\/uploads\/sites\/110\/2023\/07\/estetica-dentale-c.webp\" data-elementor-open-lightbox=\"yes\" data-elementor-lightbox-slideshow=\"eaad6b0\" data-elementor-lightbox-title=\"estetica dentale c\" data-e-action-hash=\"#elementor-action%3Aaction%3Dlightbox%26settings%3DeyJpZCI6MjMzLCJ1cmwiOiJodHRwczpcL1wvM2RlbnRhbC5jaFwvd3AtY29udGVudFwvdXBsb2Fkc1wvc2l0ZXNcLzExMFwvMjAyM1wvMDdcL2VzdGV0aWNhLWRlbnRhbGUtYy53ZWJwIiwic2xpZGVzaG93IjoiZWFhZDZiMCJ9\">\n\t\t\t\t\t<div class=\"e-gallery-image elementor-gallery-item__image\" data-thumbnail=\"https:\/\/3dental.ch\/wp-content\/uploads\/sites\/110\/2023\/07\/estetica-dentale-c.webp\" data-width=\"745\" data-height=\"524\" aria-label=\"\" role=\"img\" ><\/div>\n\t\t\t\t\t\t\t\t\t\t\t<div class=\"elementor-gallery-item__overlay\"><\/div>\n\t\t\t\t\t\t\t\t\t\t\t\t\t\t<\/a>\n\t\t\t\t\t\t\t<a class=\"e-gallery-item elementor-gallery-item elementor-animated-content\" href=\"https:\/\/3dental.ch\/wp-content\/uploads\/sites\/110\/2023\/07\/estetica-dentale-b.webp\" data-elementor-open-lightbox=\"yes\" data-elementor-lightbox-slideshow=\"eaad6b0\" data-elementor-lightbox-title=\"estetica dentale b\" data-e-action-hash=\"#elementor-action%3Aaction%3Dlightbox%26settings%3DeyJpZCI6MjM0LCJ1cmwiOiJodHRwczpcL1wvM2RlbnRhbC5jaFwvd3AtY29udGVudFwvdXBsb2Fkc1wvc2l0ZXNcLzExMFwvMjAyM1wvMDdcL2VzdGV0aWNhLWRlbnRhbGUtYi53ZWJwIiwic2xpZGVzaG93IjoiZWFhZDZiMCJ9\">\n\t\t\t\t\t<div class=\"e-gallery-image elementor-gallery-item__image\" data-thumbnail=\"https:\/\/3dental.ch\/wp-content\/uploads\/sites\/110\/2023\/07\/estetica-dentale-b.webp\" data-width=\"750\" data-height=\"527\" aria-label=\"\" role=\"img\" ><\/div>\n\t\t\t\t\t\t\t\t\t\t\t<div class=\"elementor-gallery-item__overlay\"><\/div>\n\t\t\t\t\t\t\t\t\t\t\t\t\t\t<\/a>\n\t\t\t\t\t\t\t<a class=\"e-gallery-item elementor-gallery-item elementor-animated-content\" href=\"https:\/\/3dental.ch\/wp-content\/uploads\/sites\/110\/2023\/07\/FACCETTE_002.webp\" data-elementor-open-lightbox=\"yes\" data-elementor-lightbox-slideshow=\"eaad6b0\" data-elementor-lightbox-title=\"FACCETTE_002\" data-e-action-hash=\"#elementor-action%3Aaction%3Dlightbox%26settings%3DeyJpZCI6MjM1LCJ1cmwiOiJodHRwczpcL1wvM2RlbnRhbC5jaFwvd3AtY29udGVudFwvdXBsb2Fkc1wvc2l0ZXNcLzExMFwvMjAyM1wvMDdcL0ZBQ0NFVFRFXzAwMi53ZWJwIiwic2xpZGVzaG93IjoiZWFhZDZiMCJ9\">\n\t\t\t\t\t<div class=\"e-gallery-image elementor-gallery-item__image\" data-thumbnail=\"https:\/\/3dental.ch\/wp-content\/uploads\/sites\/110\/2023\/07\/FACCETTE_002.webp\" data-width=\"882\" data-height=\"500\" aria-label=\"\" role=\"img\" ><\/div>\n\t\t\t\t\t\t\t\t\t\t\t<div class=\"elementor-gallery-item__overlay\"><\/div>\n\t\t\t\t\t\t\t\t\t\t\t\t\t\t<\/a>\n\t\t\t\t\t\t\t<a class=\"e-gallery-item elementor-gallery-item elementor-animated-content\" href=\"https:\/\/3dental.ch\/wp-content\/uploads\/sites\/110\/2023\/07\/estetica-dentale-a.webp\" data-elementor-open-lightbox=\"yes\" data-elementor-lightbox-slideshow=\"eaad6b0\" data-elementor-lightbox-title=\"estetica dentale a\" data-e-action-hash=\"#elementor-action%3Aaction%3Dlightbox%26settings%3DeyJpZCI6MjM2LCJ1cmwiOiJodHRwczpcL1wvM2RlbnRhbC5jaFwvd3AtY29udGVudFwvdXBsb2Fkc1wvc2l0ZXNcLzExMFwvMjAyM1wvMDdcL2VzdGV0aWNhLWRlbnRhbGUtYS53ZWJwIiwic2xpZGVzaG93IjoiZWFhZDZiMCJ9\">\n\t\t\t\t\t<div class=\"e-gallery-image elementor-gallery-item__image\" data-thumbnail=\"https:\/\/3dental.ch\/wp-content\/uploads\/sites\/110\/2023\/07\/estetica-dentale-a.webp\" data-width=\"749\" data-height=\"539\" aria-label=\"\" role=\"img\" ><\/div>\n\t\t\t\t\t\t\t\t\t\t\t<div class=\"elementor-gallery-item__overlay\"><\/div>\n\t\t\t\t\t\t\t\t\t\t\t\t\t\t<\/a>\n\t\t\t\t\t\t\t<a class=\"e-gallery-item elementor-gallery-item elementor-animated-content\" href=\"https:\/\/3dental.ch\/wp-content\/uploads\/sites\/110\/2023\/07\/4.webp\" data-elementor-open-lightbox=\"yes\" data-elementor-lightbox-slideshow=\"eaad6b0\" data-elementor-lightbox-title=\"4\" data-e-action-hash=\"#elementor-action%3Aaction%3Dlightbox%26settings%3DeyJpZCI6MjM3LCJ1cmwiOiJodHRwczpcL1wvM2RlbnRhbC5jaFwvd3AtY29udGVudFwvdXBsb2Fkc1wvc2l0ZXNcLzExMFwvMjAyM1wvMDdcLzQud2VicCIsInNsaWRlc2hvdyI6ImVhYWQ2YjAifQ%3D%3D\">\n\t\t\t\t\t<div class=\"e-gallery-image elementor-gallery-item__image\" data-thumbnail=\"https:\/\/3dental.ch\/wp-content\/uploads\/sites\/110\/2023\/07\/4.webp\" data-width=\"890\" data-height=\"630\" aria-label=\"\" role=\"img\" ><\/div>\n\t\t\t\t\t\t\t\t\t\t\t<div class=\"elementor-gallery-item__overlay\"><\/div>\n\t\t\t\t\t\t\t\t\t\t\t\t\t\t<\/a>\n\t\t\t\t\t<\/div>\n\t\t\t\t\t<\/div>\n\t\t\t\t<\/div>\n\t\t\t\t\t<\/div>\n\t\t<\/div>\n\t\t\t\t\t<\/div>\n\t\t<\/section>\n\t\t\t\t<section class=\"elementor-section elementor-top-section elementor-element elementor-element-7f25bcf6 elementor-section-boxed elementor-section-height-default elementor-section-height-default\" data-id=\"7f25bcf6\" data-element_type=\"section\" data-e-type=\"section\" data-settings=\"{&quot;background_background&quot;:&quot;classic&quot;}\">\n\t\t\t\t\t\t<div class=\"elementor-container elementor-column-gap-default\">\n\t\t\t\t\t<div class=\"elementor-column elementor-col-100 elementor-top-column elementor-element elementor-element-4c204b59\" data-id=\"4c204b59\" data-element_type=\"column\" data-e-type=\"column\">\n\t\t\t<div class=\"elementor-widget-wrap elementor-element-populated\">\n\t\t\t\t\t\t<div class=\"elementor-element elementor-element-45841338 elementor-invisible elementor-widget elementor-widget-heading\" data-id=\"45841338\" data-element_type=\"widget\" data-e-type=\"widget\" data-settings=\"{&quot;_animation&quot;:&quot;fadeInUp&quot;}\" data-widget_type=\"heading.default\">\n\t\t\t\t<div class=\"elementor-widget-container\">\n\t\t\t\t\t<h2 class=\"elementor-heading-title elementor-size-default\">Zahntechnisches Labor<\/h2>\t\t\t\t<\/div>\n\t\t\t\t<\/div>\n\t\t\t\t<div class=\"elementor-element elementor-element-7eb5b553 elementor-invisible elementor-widget elementor-widget-text-editor\" data-id=\"7eb5b553\" data-element_type=\"widget\" data-e-type=\"widget\" data-settings=\"{&quot;_animation&quot;:&quot;fadeInUp&quot;,&quot;_animation_delay&quot;:100}\" data-widget_type=\"text-editor.default\">\n\t\t\t\t<div class=\"elementor-widget-container\">\n\t\t\t\t\t\t\t\t\t<p>Spezialisiert auf Zahnprothetik, Kieferorthop\u00e4die, Zahnfotografie<\/p>\n\t\t\t\t\t\t\t\t<\/div>\n\t\t\t\t<\/div>\n\t\t\t\t<div class=\"elementor-element elementor-element-57332fcd elementor-align-center animated-slow elementor-invisible elementor-widget elementor-widget-button\" data-id=\"57332fcd\" data-element_type=\"widget\" data-e-type=\"widget\" data-settings=\"{&quot;_animation&quot;:&quot;fadeInUp&quot;,&quot;_animation_delay&quot;:200}\" data-widget_type=\"button.default\">\n\t\t\t\t<div class=\"elementor-widget-container\">\n\t\t\t\t\t\t\t\t\t<div class=\"elementor-button-wrapper\">\n\t\t\t\t\t<a class=\"elementor-button elementor-button-link elementor-size-sm\" href=\"https:\/\/3dental.ch\/de\/kontakt\/\">\n\t\t\t\t\t\t<span class=\"elementor-button-content-wrapper\">\n\t\t\t\t\t\t\t\t\t<span class=\"elementor-button-text\">Buchen Sie eine Beratung<\/span>\n\t\t\t\t\t<\/span>\n\t\t\t\t\t<\/a>\n\t\t\t\t<\/div>\n\t\t\t\t\t\t\t\t<\/div>\n\t\t\t\t<\/div>\n\t\t\t\t\t<\/div>\n\t\t<\/div>\n\t\t\t\t\t<\/div>\n\t\t<\/section>\n\t\t\t\t<\/div>\n\t\t","protected":false},"excerpt":{"rendered":"<p>Lithiumdisilikat erm\u00f6glicht die Herstellung von monolithischen Einzelzahnrestaurationen. Die innovative Keramik liefert im Vergleich zu anderen Glaskeramiken hoch\u00e4sthetische Ergebnisse, hat den 2,5- bis 3-fachen Widerstand. Die Zirkoniumdioxid-Unterkonstruktion kann auch f\u00fcr Br\u00fccken im Seitenzahnbereich verwendet werden. Das Material wird in der Werkstatt mit Hilfe der Press- oder CAD\/CAM-Technologie bearbeitet. Jahrelange klinische Erfahrungen belegen die 500 MPa Festigkeit [&hellip;]<\/p>\n","protected":false},"author":13,"featured_media":0,"parent":504,"menu_order":0,"comment_status":"closed","ping_status":"open","template":"elementor_header_footer","meta":{"_seopress_robots_primary_cat":"","_seopress_titles_title":"","_seopress_titles_desc":"","_seopress_robots_index":"","footnotes":""},"class_list":["post-533","page","type-page","status-publish","hentry"],"_links":{"self":[{"href":"https:\/\/3dental.ch\/de\/wp-json\/wp\/v2\/pages\/533","targetHints":{"allow":["GET"]}}],"collection":[{"href":"https:\/\/3dental.ch\/de\/wp-json\/wp\/v2\/pages"}],"about":[{"href":"https:\/\/3dental.ch\/de\/wp-json\/wp\/v2\/types\/page"}],"author":[{"embeddable":true,"href":"https:\/\/3dental.ch\/de\/wp-json\/wp\/v2\/users\/13"}],"replies":[{"embeddable":true,"href":"https:\/\/3dental.ch\/de\/wp-json\/wp\/v2\/comments?post=533"}],"version-history":[{"count":0,"href":"https:\/\/3dental.ch\/de\/wp-json\/wp\/v2\/pages\/533\/revisions"}],"up":[{"embeddable":true,"href":"https:\/\/3dental.ch\/de\/wp-json\/wp\/v2\/pages\/504"}],"wp:attachment":[{"href":"https:\/\/3dental.ch\/de\/wp-json\/wp\/v2\/media?parent=533"}],"curies":[{"name":"wp","href":"https:\/\/api.w.org\/{rel}","templated":true}]}}