{"id":544,"date":"2023-07-20T15:09:31","date_gmt":"2023-07-20T13:09:31","guid":{"rendered":"https:\/\/ticinoweb02.jcloud.ik-server.com\/3dental\/dienstleistungen\/cad-cam-3d\/"},"modified":"2023-07-20T16:06:11","modified_gmt":"2023-07-20T14:06:11","slug":"cad-cam-3d","status":"publish","type":"page","link":"https:\/\/3dental.ch\/de\/dienstleistungen\/cad-cam-3d\/","title":{"rendered":"Cad Cam + 3D"},"content":{"rendered":"\t\t<div data-elementor-type=\"wp-page\" data-elementor-id=\"544\" class=\"elementor elementor-544 elementor-212\" data-elementor-post-type=\"page\">\n\t\t\t\t\t\t<section class=\"elementor-section elementor-top-section elementor-element elementor-element-6fc7b9ee animated-slow elementor-section-boxed elementor-section-height-default elementor-section-height-default elementor-invisible\" data-id=\"6fc7b9ee\" data-element_type=\"section\" data-e-type=\"section\" data-settings=\"{&quot;background_background&quot;:&quot;classic&quot;,&quot;animation&quot;:&quot;fadeIn&quot;,&quot;background_motion_fx_motion_fx_scrolling&quot;:&quot;yes&quot;,&quot;background_motion_fx_scale_effect&quot;:&quot;yes&quot;,&quot;background_motion_fx_scale_speed&quot;:{&quot;unit&quot;:&quot;px&quot;,&quot;size&quot;:2,&quot;sizes&quot;:[]},&quot;background_motion_fx_scale_range&quot;:{&quot;unit&quot;:&quot;%&quot;,&quot;size&quot;:&quot;&quot;,&quot;sizes&quot;:{&quot;start&quot;:67,&quot;end&quot;:100}},&quot;background_motion_fx_scale_direction&quot;:&quot;out-in&quot;,&quot;background_motion_fx_devices&quot;:[&quot;desktop&quot;,&quot;tablet&quot;,&quot;mobile&quot;]}\">\n\t\t\t\t\t\t\t<div class=\"elementor-background-overlay\"><\/div>\n\t\t\t\t\t\t\t<div class=\"elementor-container elementor-column-gap-default\">\n\t\t\t\t\t<div class=\"elementor-column elementor-col-100 elementor-top-column elementor-element elementor-element-1e573b1a\" data-id=\"1e573b1a\" data-element_type=\"column\" data-e-type=\"column\">\n\t\t\t<div class=\"elementor-widget-wrap elementor-element-populated\">\n\t\t\t\t\t\t\t<\/div>\n\t\t<\/div>\n\t\t\t\t\t<\/div>\n\t\t<\/section>\n\t\t\t\t<section class=\"elementor-section elementor-top-section elementor-element elementor-element-861edab elementor-section-boxed elementor-section-height-default elementor-section-height-default\" data-id=\"861edab\" data-element_type=\"section\" data-e-type=\"section\">\n\t\t\t\t\t\t<div class=\"elementor-container elementor-column-gap-default\">\n\t\t\t\t\t<div class=\"elementor-column elementor-col-50 elementor-top-column elementor-element elementor-element-865c6b1\" data-id=\"865c6b1\" data-element_type=\"column\" data-e-type=\"column\">\n\t\t\t<div class=\"elementor-widget-wrap elementor-element-populated\">\n\t\t\t\t\t\t<div class=\"elementor-element elementor-element-991ac33 elementor-widget elementor-widget-heading\" data-id=\"991ac33\" data-element_type=\"widget\" data-e-type=\"widget\" data-widget_type=\"heading.default\">\n\t\t\t\t<div class=\"elementor-widget-container\">\n\t\t\t\t\t<h2 class=\"elementor-heading-title elementor-size-default\">Cad-Cam\n<\/h2>\t\t\t\t<\/div>\n\t\t\t\t<\/div>\n\t\t\t\t<div class=\"elementor-element elementor-element-3fd0b84 elementor-invisible elementor-widget elementor-widget-text-editor\" data-id=\"3fd0b84\" data-element_type=\"widget\" data-e-type=\"widget\" data-settings=\"{&quot;_animation&quot;:&quot;fadeIn&quot;,&quot;_animation_delay&quot;:50}\" data-widget_type=\"text-editor.default\">\n\t\t\t\t<div class=\"elementor-widget-container\">\n\t\t\t\t\t\t\t\t\t<div id=\"comp-kc4w105t\" class=\"BaOVQ8 tz5f0K comp-kc4w105t wixui-rich-text\" data-testid=\"richTextElement\">\n<div id=\"comp-kc4w105t\" class=\"BaOVQ8 tz5f0K comp-kc4w105t wixui-rich-text\" data-testid=\"richTextElement\">\n<p class=\"font_8 wixui-rich-text__text\"><span class=\"wixui-rich-text__text\">ie CAD-CAM-Abteilung hat sich die Kompatibilit\u00e4t auf die Fahnen geschrieben.<\/span><\/p>\n<p class=\"font_8 wixui-rich-text__text\"><span class=\"wixui-rich-text__text\">Mit Hilfe von Fr\u00e4sprozessen und dem Einsatz von CAD-CAM-Technologien ist es m\u00f6glich, Halbfertigteile f\u00fcr den Dentalbereich aus verschiedenen Materialien herzustellen. Der Produktionsprozess umfasst das Scannen und Digitalisieren des Modells, die \u00dcberpr\u00fcfung der Passivit\u00e4t der zuk\u00fcnftigen Struktur und schlie\u00dflich die Herstellung mit dynamischen 5-Achsen-Maschinen mit hoher Pr\u00e4zision und Wiederholbarkeit.  <\/span><span class=\"wixui-rich-text__text\">Verf\u00fcgbare Materialien: Zirkoniumdioxid &#8211; PMMA &#8211; Titan &#8211; Chromkobalt &#8211; PEEK<\/span><\/p>\n<\/div>\n<\/div>\n\t\t\t\t\t\t\t\t<\/div>\n\t\t\t\t<\/div>\n\t\t\t\t\t<\/div>\n\t\t<\/div>\n\t\t\t\t<div class=\"elementor-column elementor-col-50 elementor-top-column elementor-element elementor-element-bd15543\" data-id=\"bd15543\" data-element_type=\"column\" data-e-type=\"column\">\n\t\t\t<div class=\"elementor-widget-wrap elementor-element-populated\">\n\t\t\t\t\t\t<div class=\"elementor-element elementor-element-92cbab5 elementor-widget elementor-widget-image\" data-id=\"92cbab5\" data-element_type=\"widget\" data-e-type=\"widget\" data-widget_type=\"image.default\">\n\t\t\t\t<div class=\"elementor-widget-container\">\n\t\t\t\t\t\t\t\t\t\t\t\t\t\t\t<img fetchpriority=\"high\" decoding=\"async\" width=\"800\" height=\"534\" src=\"https:\/\/3dental.ch\/wp-content\/uploads\/sites\/110\/2023\/07\/cialde-1024x683.webp\" class=\"attachment-large size-large wp-image-455\" alt=\"\" srcset=\"https:\/\/3dental.ch\/wp-content\/uploads\/sites\/110\/2023\/07\/cialde-1024x683.webp 1024w, https:\/\/3dental.ch\/wp-content\/uploads\/sites\/110\/2023\/07\/cialde-300x200.webp 300w, https:\/\/3dental.ch\/wp-content\/uploads\/sites\/110\/2023\/07\/cialde-768x512.webp 768w, https:\/\/3dental.ch\/wp-content\/uploads\/sites\/110\/2023\/07\/cialde-1536x1025.webp 1536w, https:\/\/3dental.ch\/wp-content\/uploads\/sites\/110\/2023\/07\/cialde.webp 1586w\" sizes=\"(max-width: 800px) 100vw, 800px\" \/>\t\t\t\t\t\t\t\t\t\t\t\t\t\t\t<\/div>\n\t\t\t\t<\/div>\n\t\t\t\t\t<\/div>\n\t\t<\/div>\n\t\t\t\t\t<\/div>\n\t\t<\/section>\n\t\t\t\t<section class=\"elementor-section elementor-top-section elementor-element elementor-element-e7e75b3 elementor-section-boxed elementor-section-height-default elementor-section-height-default\" data-id=\"e7e75b3\" data-element_type=\"section\" data-e-type=\"section\" data-settings=\"{&quot;background_background&quot;:&quot;classic&quot;}\">\n\t\t\t\t\t\t<div class=\"elementor-container elementor-column-gap-default\">\n\t\t\t\t\t<div class=\"elementor-column elementor-col-50 elementor-top-column elementor-element elementor-element-e3b225d\" data-id=\"e3b225d\" data-element_type=\"column\" data-e-type=\"column\">\n\t\t\t<div class=\"elementor-widget-wrap elementor-element-populated\">\n\t\t\t\t\t\t<div class=\"elementor-element elementor-element-b65be25 elementor-widget elementor-widget-image\" data-id=\"b65be25\" data-element_type=\"widget\" data-e-type=\"widget\" data-widget_type=\"image.default\">\n\t\t\t\t<div class=\"elementor-widget-container\">\n\t\t\t\t\t\t\t\t\t\t\t\t\t\t\t<img decoding=\"async\" width=\"800\" height=\"534\" src=\"https:\/\/3dental.ch\/wp-content\/uploads\/sites\/110\/2023\/07\/modello-3d-1024x684.webp\" class=\"attachment-large size-large wp-image-458\" alt=\"\" srcset=\"https:\/\/3dental.ch\/wp-content\/uploads\/sites\/110\/2023\/07\/modello-3d-1024x684.webp 1024w, https:\/\/3dental.ch\/wp-content\/uploads\/sites\/110\/2023\/07\/modello-3d-300x201.webp 300w, https:\/\/3dental.ch\/wp-content\/uploads\/sites\/110\/2023\/07\/modello-3d-768x513.webp 768w, https:\/\/3dental.ch\/wp-content\/uploads\/sites\/110\/2023\/07\/modello-3d-1536x1027.webp 1536w, https:\/\/3dental.ch\/wp-content\/uploads\/sites\/110\/2023\/07\/modello-3d.webp 1586w\" sizes=\"(max-width: 800px) 100vw, 800px\" \/>\t\t\t\t\t\t\t\t\t\t\t\t\t\t\t<\/div>\n\t\t\t\t<\/div>\n\t\t\t\t\t<\/div>\n\t\t<\/div>\n\t\t\t\t<div class=\"elementor-column elementor-col-50 elementor-top-column elementor-element elementor-element-1c25a38\" data-id=\"1c25a38\" data-element_type=\"column\" data-e-type=\"column\">\n\t\t\t<div class=\"elementor-widget-wrap elementor-element-populated\">\n\t\t\t\t\t\t<div class=\"elementor-element elementor-element-cf7fc4d elementor-widget elementor-widget-heading\" data-id=\"cf7fc4d\" data-element_type=\"widget\" data-e-type=\"widget\" data-widget_type=\"heading.default\">\n\t\t\t\t<div class=\"elementor-widget-container\">\n\t\t\t\t\t<h2 class=\"elementor-heading-title elementor-size-default\">3D<\/h2>\t\t\t\t<\/div>\n\t\t\t\t<\/div>\n\t\t\t\t<div class=\"elementor-element elementor-element-22cc8fe elementor-widget__width-inherit elementor-invisible elementor-widget elementor-widget-text-editor\" data-id=\"22cc8fe\" data-element_type=\"widget\" data-e-type=\"widget\" data-settings=\"{&quot;_animation&quot;:&quot;fadeIn&quot;,&quot;_animation_delay&quot;:100}\" data-widget_type=\"text-editor.default\">\n\t\t\t\t<div class=\"elementor-widget-container\">\n\t\t\t\t\t\t\t\t\t<p>Der Einsatz von intraoralen Scansystemen hat es erm\u00f6glicht, die \u00dcbermittlung von &#8222;Abdr\u00fccken &#8211; STL-Dateien&#8220; an das Labor zu vereinfachen, die Wiederholbarkeit von Prozessen zu beschleunigen und zu modernisieren und eine breite Palette von Aufl\u00f6sungen, einschlie\u00dflich prothetischer Aufl\u00f6sungen, sowohl in klinischen als auch in Laborumgebungen zu bieten, die folgende Vorteile bieten<\/p>\n<p><strong>Geschwindigkeit<br \/><\/strong>Durch das Senden von Dateien in Echtzeit k\u00f6nnen Modelle direkt entwickelt werden, da die Transportzeit mit dem 3D-Drucker entf\u00e4llt.<\/p>\n<p><strong>Sicherheit<br \/><\/strong>Die M\u00f6glichkeit, Dateien in einem Archiv zu speichern, beseitigt Probleme im Zusammenhang mit verlorenen Abz\u00fcgen, Fehlern oder Abg\u00fcssen von Modellen.<\/p>\n<p><strong>Pr\u00e4zision<br \/><\/strong>Dank einer vordefinierten Einstellung produziert das Labor ein hochpr\u00e4zises, qualitativ hochwertiges Artefakt.<\/p>\n<p><strong>Reproduzierbarkeit<br \/><\/strong>eine digitale Datei kann in einer Anzahl von Kopien reproduziert werden, die immer identisch sind, auch nach einer gewissen Zeitspanne.<\/p>\n<p><strong>\u00d6kologische Nachhaltigkeit<br \/><\/strong>Dank dieser neuen Technologie wird die Produktion von nicht wiederverwertbaren Abf\u00e4llen (Alginate, Silikone und Kreidematerialien) reduziert, und die Notwendigkeit, die Abdruckl\u00f6ffel zu desinfizieren, entf\u00e4llt, was einen gro\u00dfen Vorteil f\u00fcr die Umwelt darstellt.<\/p>\n\t\t\t\t\t\t\t\t<\/div>\n\t\t\t\t<\/div>\n\t\t\t\t\t<\/div>\n\t\t<\/div>\n\t\t\t\t\t<\/div>\n\t\t<\/section>\n\t\t\t\t<section class=\"elementor-section elementor-top-section elementor-element elementor-element-3d232352 elementor-section-boxed elementor-section-height-default elementor-section-height-default\" data-id=\"3d232352\" data-element_type=\"section\" data-e-type=\"section\" data-settings=\"{&quot;background_background&quot;:&quot;classic&quot;}\">\n\t\t\t\t\t\t<div class=\"elementor-container elementor-column-gap-default\">\n\t\t\t\t\t<div class=\"elementor-column elementor-col-100 elementor-top-column elementor-element elementor-element-6c665c01\" data-id=\"6c665c01\" data-element_type=\"column\" data-e-type=\"column\">\n\t\t\t<div class=\"elementor-widget-wrap elementor-element-populated\">\n\t\t\t\t\t\t<div class=\"elementor-element elementor-element-23c82aa3 elementor-invisible elementor-widget elementor-widget-heading\" data-id=\"23c82aa3\" data-element_type=\"widget\" data-e-type=\"widget\" data-settings=\"{&quot;_animation&quot;:&quot;fadeInUp&quot;}\" data-widget_type=\"heading.default\">\n\t\t\t\t<div class=\"elementor-widget-container\">\n\t\t\t\t\t<h2 class=\"elementor-heading-title elementor-size-default\">Zahntechnisches Labor<\/h2>\t\t\t\t<\/div>\n\t\t\t\t<\/div>\n\t\t\t\t<div class=\"elementor-element elementor-element-131ea0b8 elementor-invisible elementor-widget elementor-widget-text-editor\" data-id=\"131ea0b8\" data-element_type=\"widget\" data-e-type=\"widget\" data-settings=\"{&quot;_animation&quot;:&quot;fadeInUp&quot;,&quot;_animation_delay&quot;:100}\" data-widget_type=\"text-editor.default\">\n\t\t\t\t<div class=\"elementor-widget-container\">\n\t\t\t\t\t\t\t\t\t<p>Spezialisiert auf Zahnprothetik, Kieferorthop\u00e4die, Zahnfotografie<\/p>\n\t\t\t\t\t\t\t\t<\/div>\n\t\t\t\t<\/div>\n\t\t\t\t<div class=\"elementor-element elementor-element-4cccb9d3 elementor-align-center animated-slow elementor-invisible elementor-widget elementor-widget-button\" data-id=\"4cccb9d3\" data-element_type=\"widget\" data-e-type=\"widget\" data-settings=\"{&quot;_animation&quot;:&quot;fadeInUp&quot;,&quot;_animation_delay&quot;:200}\" data-widget_type=\"button.default\">\n\t\t\t\t<div class=\"elementor-widget-container\">\n\t\t\t\t\t\t\t\t\t<div class=\"elementor-button-wrapper\">\n\t\t\t\t\t<a class=\"elementor-button elementor-button-link elementor-size-sm\" href=\"https:\/\/3dental.ch\/contatti\/\">\n\t\t\t\t\t\t<span class=\"elementor-button-content-wrapper\">\n\t\t\t\t\t\t\t\t\t<span class=\"elementor-button-text\">Buchen Sie eine Beratung<\/span>\n\t\t\t\t\t<\/span>\n\t\t\t\t\t<\/a>\n\t\t\t\t<\/div>\n\t\t\t\t\t\t\t\t<\/div>\n\t\t\t\t<\/div>\n\t\t\t\t\t<\/div>\n\t\t<\/div>\n\t\t\t\t\t<\/div>\n\t\t<\/section>\n\t\t\t\t<\/div>\n\t\t","protected":false},"excerpt":{"rendered":"<p>Cad-Cam ie CAD-CAM-Abteilung hat sich die Kompatibilit\u00e4t auf die Fahnen geschrieben. Mit Hilfe von Fr\u00e4sprozessen und dem Einsatz von CAD-CAM-Technologien ist es m\u00f6glich, Halbfertigteile f\u00fcr den Dentalbereich aus verschiedenen Materialien herzustellen. Der Produktionsprozess umfasst das Scannen und Digitalisieren des Modells, die \u00dcberpr\u00fcfung der Passivit\u00e4t der zuk\u00fcnftigen Struktur und schlie\u00dflich die Herstellung mit dynamischen 5-Achsen-Maschinen mit [&hellip;]<\/p>\n","protected":false},"author":13,"featured_media":0,"parent":504,"menu_order":0,"comment_status":"closed","ping_status":"open","template":"elementor_header_footer","meta":{"_seopress_robots_primary_cat":"","_seopress_titles_title":"","_seopress_titles_desc":"","_seopress_robots_index":"","footnotes":""},"class_list":["post-544","page","type-page","status-publish","hentry"],"_links":{"self":[{"href":"https:\/\/3dental.ch\/de\/wp-json\/wp\/v2\/pages\/544","targetHints":{"allow":["GET"]}}],"collection":[{"href":"https:\/\/3dental.ch\/de\/wp-json\/wp\/v2\/pages"}],"about":[{"href":"https:\/\/3dental.ch\/de\/wp-json\/wp\/v2\/types\/page"}],"author":[{"embeddable":true,"href":"https:\/\/3dental.ch\/de\/wp-json\/wp\/v2\/users\/13"}],"replies":[{"embeddable":true,"href":"https:\/\/3dental.ch\/de\/wp-json\/wp\/v2\/comments?post=544"}],"version-history":[{"count":0,"href":"https:\/\/3dental.ch\/de\/wp-json\/wp\/v2\/pages\/544\/revisions"}],"up":[{"embeddable":true,"href":"https:\/\/3dental.ch\/de\/wp-json\/wp\/v2\/pages\/504"}],"wp:attachment":[{"href":"https:\/\/3dental.ch\/de\/wp-json\/wp\/v2\/media?parent=544"}],"curies":[{"name":"wp","href":"https:\/\/api.w.org\/{rel}","templated":true}]}}