{"id":509,"date":"2023-07-20T14:00:15","date_gmt":"2023-07-20T12:00:15","guid":{"rendered":"https:\/\/ticinoweb02.jcloud.ik-server.com\/3dental\/smile-design\/"},"modified":"2023-07-20T16:05:52","modified_gmt":"2023-07-20T14:05:52","slug":"smile-design","status":"publish","type":"page","link":"https:\/\/3dental.ch\/fr\/services\/smile-design\/","title":{"rendered":"Smile Design"},"content":{"rendered":"\t\t<div data-elementor-type=\"wp-page\" data-elementor-id=\"509\" class=\"elementor elementor-509 elementor-116\" data-elementor-post-type=\"page\">\n\t\t\t\t\t\t<section class=\"elementor-section elementor-top-section elementor-element elementor-element-2aa0a1b animated-slow elementor-section-boxed elementor-section-height-default elementor-section-height-default elementor-invisible\" data-id=\"2aa0a1b\" data-element_type=\"section\" data-e-type=\"section\" data-settings=\"{&quot;background_background&quot;:&quot;classic&quot;,&quot;animation&quot;:&quot;fadeIn&quot;,&quot;background_motion_fx_motion_fx_scrolling&quot;:&quot;yes&quot;,&quot;background_motion_fx_scale_effect&quot;:&quot;yes&quot;,&quot;background_motion_fx_scale_speed&quot;:{&quot;unit&quot;:&quot;px&quot;,&quot;size&quot;:2,&quot;sizes&quot;:[]},&quot;background_motion_fx_scale_range&quot;:{&quot;unit&quot;:&quot;%&quot;,&quot;size&quot;:&quot;&quot;,&quot;sizes&quot;:{&quot;start&quot;:67,&quot;end&quot;:100}},&quot;background_motion_fx_scale_direction&quot;:&quot;out-in&quot;,&quot;background_motion_fx_devices&quot;:[&quot;desktop&quot;,&quot;tablet&quot;,&quot;mobile&quot;]}\">\n\t\t\t\t\t\t\t<div class=\"elementor-background-overlay\"><\/div>\n\t\t\t\t\t\t\t<div class=\"elementor-container elementor-column-gap-default\">\n\t\t\t\t\t<div class=\"elementor-column elementor-col-100 elementor-top-column elementor-element elementor-element-c6945a8\" data-id=\"c6945a8\" data-element_type=\"column\" data-e-type=\"column\">\n\t\t\t<div class=\"elementor-widget-wrap elementor-element-populated\">\n\t\t\t\t\t\t\t<\/div>\n\t\t<\/div>\n\t\t\t\t\t<\/div>\n\t\t<\/section>\n\t\t\t\t<section class=\"elementor-section elementor-top-section elementor-element elementor-element-2a39d753 elementor-section-boxed elementor-section-height-default elementor-section-height-default\" data-id=\"2a39d753\" data-element_type=\"section\" data-e-type=\"section\">\n\t\t\t\t\t\t<div class=\"elementor-container elementor-column-gap-default\">\n\t\t\t\t\t<div class=\"elementor-column elementor-col-100 elementor-top-column elementor-element elementor-element-78a00c3f\" data-id=\"78a00c3f\" data-element_type=\"column\" data-e-type=\"column\">\n\t\t\t<div class=\"elementor-widget-wrap elementor-element-populated\">\n\t\t\t\t\t\t<div class=\"elementor-element elementor-element-17f319d6 elementor-invisible elementor-widget elementor-widget-heading\" data-id=\"17f319d6\" data-element_type=\"widget\" data-e-type=\"widget\" data-settings=\"{&quot;_animation&quot;:&quot;fadeIn&quot;}\" data-widget_type=\"heading.default\">\n\t\t\t\t<div class=\"elementor-widget-container\">\n\t\t\t\t\t<h2 class=\"elementor-heading-title elementor-size-default\">Nous concevons le sourire de votre patient<\/h2>\t\t\t\t<\/div>\n\t\t\t\t<\/div>\n\t\t\t\t<div class=\"elementor-element elementor-element-4f1cc278 elementor-invisible elementor-widget elementor-widget-text-editor\" data-id=\"4f1cc278\" data-element_type=\"widget\" data-e-type=\"widget\" data-settings=\"{&quot;_animation&quot;:&quot;fadeIn&quot;,&quot;_animation_delay&quot;:50}\" data-widget_type=\"text-editor.default\">\n\t\t\t\t<div class=\"elementor-widget-container\">\n\t\t\t\t\t\t\t\t\t<div id=\"comp-kckam1u2\" class=\"BaOVQ8 tz5f0K comp-kckam1u2 wixui-rich-text\" data-testid=\"richTextElement\">\n<p class=\"font_8 wixui-rich-text__text\"><span class=\"wixui-rich-text__text\">Votre cabinet dentaire peut d\u00e9sormais donner au patient un aper\u00e7u du sourire final. Gr\u00e2ce \u00e0 un reportage photo qui est t\u00e9l\u00e9charg\u00e9 dans un logiciel,  <\/span><span class=\"wixui-rich-text__text\">le technicien peut concevoir le sourire.<\/span><\/p>\n<p class=\"font_8 wixui-rich-text__text\"><span class=\"wixui-rich-text__text\">Il est ainsi possible de montrer rapidement au patient le r\u00e9sultat \u00ab\u00a0avant-apr\u00e8s\u00a0\u00bb et de l&rsquo;\u00e9valuer en termes de forme et de couleur.<\/span><\/p>\n<p class=\"font_8 wixui-rich-text__text\"><span class=\"wixui-rich-text__text\">Une fois la conception approuv\u00e9e, les fichiers produits seront import\u00e9s dans le logiciel de CAO, ce qui permettra \u00e0 l&rsquo;atelier d&rsquo;imprimer ou de fraiser le mod\u00e8le,<\/span><\/p>\n<p class=\"font_8 wixui-rich-text__text\"><span class=\"wixui-rich-text__text\">passer d&rsquo;un fichier 2D \u00e0 un artefact proth\u00e9tique 3D.<\/span><\/p>\n<\/div>\n<div id=\"comp-kk3snz9u\" class=\"MazNVa comp-kk3snz9u wixui-image\">\n<div class=\"j7pOnl\" data-testid=\"linkElement\"> <\/div>\n<\/div>\n\t\t\t\t\t\t\t\t<\/div>\n\t\t\t\t<\/div>\n\t\t\t\t<div class=\"elementor-element elementor-element-3ad4e58 elementor-widget elementor-widget-image\" data-id=\"3ad4e58\" data-element_type=\"widget\" data-e-type=\"widget\" data-widget_type=\"image.default\">\n\t\t\t\t<div class=\"elementor-widget-container\">\n\t\t\t\t\t\t\t\t\t\t\t\t\t\t\t<img fetchpriority=\"high\" decoding=\"async\" width=\"800\" height=\"273\" src=\"https:\/\/3dental.ch\/wp-content\/uploads\/sites\/110\/2023\/07\/smile.001-1024x350.png\" class=\"attachment-large size-large wp-image-123\" alt=\"\" srcset=\"https:\/\/3dental.ch\/wp-content\/uploads\/sites\/110\/2023\/07\/smile.001-1024x350.png 1024w, https:\/\/3dental.ch\/wp-content\/uploads\/sites\/110\/2023\/07\/smile.001-300x103.png 300w, https:\/\/3dental.ch\/wp-content\/uploads\/sites\/110\/2023\/07\/smile.001-768x263.png 768w, https:\/\/3dental.ch\/wp-content\/uploads\/sites\/110\/2023\/07\/smile.001-1536x526.png 1536w, https:\/\/3dental.ch\/wp-content\/uploads\/sites\/110\/2023\/07\/smile.001.png 1920w\" sizes=\"(max-width: 800px) 100vw, 800px\" \/>\t\t\t\t\t\t\t\t\t\t\t\t\t\t\t<\/div>\n\t\t\t\t<\/div>\n\t\t\t\t\t<\/div>\n\t\t<\/div>\n\t\t\t\t\t<\/div>\n\t\t<\/section>\n\t\t\t\t<section class=\"elementor-section elementor-top-section elementor-element elementor-element-7a56240 elementor-section-boxed elementor-section-height-default elementor-section-height-default\" data-id=\"7a56240\" data-element_type=\"section\" data-e-type=\"section\" data-settings=\"{&quot;background_background&quot;:&quot;classic&quot;}\">\n\t\t\t\t\t\t<div class=\"elementor-container elementor-column-gap-default\">\n\t\t\t\t\t<div class=\"elementor-column elementor-col-100 elementor-top-column elementor-element elementor-element-fb2ab7f\" data-id=\"fb2ab7f\" data-element_type=\"column\" data-e-type=\"column\">\n\t\t\t<div class=\"elementor-widget-wrap elementor-element-populated\">\n\t\t\t\t\t\t<div class=\"elementor-element elementor-element-4975959 elementor-invisible elementor-widget elementor-widget-heading\" data-id=\"4975959\" data-element_type=\"widget\" data-e-type=\"widget\" data-settings=\"{&quot;_animation&quot;:&quot;fadeInUp&quot;}\" data-widget_type=\"heading.default\">\n\t\t\t\t<div class=\"elementor-widget-container\">\n\t\t\t\t\t<h2 class=\"elementor-heading-title elementor-size-default\">Laboratoire dentaire<\/h2>\t\t\t\t<\/div>\n\t\t\t\t<\/div>\n\t\t\t\t<div class=\"elementor-element elementor-element-e8a176b elementor-invisible elementor-widget elementor-widget-text-editor\" data-id=\"e8a176b\" data-element_type=\"widget\" data-e-type=\"widget\" data-settings=\"{&quot;_animation&quot;:&quot;fadeInUp&quot;,&quot;_animation_delay&quot;:100}\" data-widget_type=\"text-editor.default\">\n\t\t\t\t<div class=\"elementor-widget-container\">\n\t\t\t\t\t\t\t\t\t<p>Sp\u00e9cialis\u00e9 en proth\u00e8ses dentaires, orthodontie, photographie dentaire<\/p>\n\t\t\t\t\t\t\t\t<\/div>\n\t\t\t\t<\/div>\n\t\t\t\t<div class=\"elementor-element elementor-element-052aeb4 elementor-align-center animated-slow elementor-invisible elementor-widget elementor-widget-button\" data-id=\"052aeb4\" data-element_type=\"widget\" data-e-type=\"widget\" data-settings=\"{&quot;_animation&quot;:&quot;fadeInUp&quot;,&quot;_animation_delay&quot;:200}\" data-widget_type=\"button.default\">\n\t\t\t\t<div class=\"elementor-widget-container\">\n\t\t\t\t\t\t\t\t\t<div class=\"elementor-button-wrapper\">\n\t\t\t\t\t<a class=\"elementor-button elementor-button-link elementor-size-sm\" href=\"https:\/\/3dental.ch\/contatti\/\">\n\t\t\t\t\t\t<span class=\"elementor-button-content-wrapper\">\n\t\t\t\t\t\t\t\t\t<span class=\"elementor-button-text\">R\u00e9server une consultation<\/span>\n\t\t\t\t\t<\/span>\n\t\t\t\t\t<\/a>\n\t\t\t\t<\/div>\n\t\t\t\t\t\t\t\t<\/div>\n\t\t\t\t<\/div>\n\t\t\t\t\t<\/div>\n\t\t<\/div>\n\t\t\t\t\t<\/div>\n\t\t<\/section>\n\t\t\t\t<\/div>\n\t\t","protected":false},"excerpt":{"rendered":"<p>Nous concevons le sourire de votre patient Votre cabinet dentaire peut d\u00e9sormais donner au patient un aper\u00e7u du sourire final. Gr\u00e2ce \u00e0 un reportage photo qui est t\u00e9l\u00e9charg\u00e9 dans un logiciel, le technicien peut concevoir le sourire. Il est ainsi possible de montrer rapidement au patient le r\u00e9sultat \u00ab\u00a0avant-apr\u00e8s\u00a0\u00bb et de l&rsquo;\u00e9valuer en termes de [&hellip;]<\/p>\n","protected":false},"author":13,"featured_media":0,"parent":550,"menu_order":0,"comment_status":"closed","ping_status":"open","template":"elementor_header_footer","meta":{"_seopress_robots_primary_cat":"","_seopress_titles_title":"","_seopress_titles_desc":"","_seopress_robots_index":"","footnotes":""},"class_list":["post-509","page","type-page","status-publish","hentry"],"_links":{"self":[{"href":"https:\/\/3dental.ch\/fr\/wp-json\/wp\/v2\/pages\/509","targetHints":{"allow":["GET"]}}],"collection":[{"href":"https:\/\/3dental.ch\/fr\/wp-json\/wp\/v2\/pages"}],"about":[{"href":"https:\/\/3dental.ch\/fr\/wp-json\/wp\/v2\/types\/page"}],"author":[{"embeddable":true,"href":"https:\/\/3dental.ch\/fr\/wp-json\/wp\/v2\/users\/13"}],"replies":[{"embeddable":true,"href":"https:\/\/3dental.ch\/fr\/wp-json\/wp\/v2\/comments?post=509"}],"version-history":[{"count":0,"href":"https:\/\/3dental.ch\/fr\/wp-json\/wp\/v2\/pages\/509\/revisions"}],"up":[{"embeddable":true,"href":"https:\/\/3dental.ch\/fr\/wp-json\/wp\/v2\/pages\/550"}],"wp:attachment":[{"href":"https:\/\/3dental.ch\/fr\/wp-json\/wp\/v2\/media?parent=509"}],"curies":[{"name":"wp","href":"https:\/\/api.w.org\/{rel}","templated":true}]}}