{"id":535,"date":"2023-07-20T15:01:46","date_gmt":"2023-07-20T13:01:46","guid":{"rendered":"https:\/\/ticinoweb02.jcloud.ik-server.com\/3dental\/chargement-immediat\/"},"modified":"2023-07-20T16:06:03","modified_gmt":"2023-07-20T14:06:03","slug":"chargement-immediat","status":"publish","type":"page","link":"https:\/\/3dental.ch\/fr\/services\/chargement-immediat\/","title":{"rendered":"Chargement imm\u00e9diat"},"content":{"rendered":"\t\t<div data-elementor-type=\"wp-page\" data-elementor-id=\"535\" class=\"elementor elementor-535 elementor-197\" data-elementor-post-type=\"page\">\n\t\t\t\t\t\t<section class=\"elementor-section elementor-top-section elementor-element elementor-element-30430c98 animated-slow elementor-section-boxed elementor-section-height-default elementor-section-height-default elementor-invisible\" data-id=\"30430c98\" data-element_type=\"section\" data-e-type=\"section\" data-settings=\"{&quot;background_background&quot;:&quot;classic&quot;,&quot;animation&quot;:&quot;fadeIn&quot;,&quot;background_motion_fx_motion_fx_scrolling&quot;:&quot;yes&quot;,&quot;background_motion_fx_scale_effect&quot;:&quot;yes&quot;,&quot;background_motion_fx_scale_speed&quot;:{&quot;unit&quot;:&quot;px&quot;,&quot;size&quot;:2,&quot;sizes&quot;:[]},&quot;background_motion_fx_scale_range&quot;:{&quot;unit&quot;:&quot;%&quot;,&quot;size&quot;:&quot;&quot;,&quot;sizes&quot;:{&quot;start&quot;:67,&quot;end&quot;:100}},&quot;background_motion_fx_scale_direction&quot;:&quot;out-in&quot;,&quot;background_motion_fx_devices&quot;:[&quot;desktop&quot;,&quot;tablet&quot;,&quot;mobile&quot;]}\">\n\t\t\t\t\t\t\t<div class=\"elementor-background-overlay\"><\/div>\n\t\t\t\t\t\t\t<div class=\"elementor-container elementor-column-gap-default\">\n\t\t\t\t\t<div class=\"elementor-column elementor-col-100 elementor-top-column elementor-element elementor-element-341bbee0\" data-id=\"341bbee0\" data-element_type=\"column\" data-e-type=\"column\">\n\t\t\t<div class=\"elementor-widget-wrap elementor-element-populated\">\n\t\t\t\t\t\t\t<\/div>\n\t\t<\/div>\n\t\t\t\t\t<\/div>\n\t\t<\/section>\n\t\t\t\t<section class=\"elementor-section elementor-top-section elementor-element elementor-element-aa07365 elementor-section-boxed elementor-section-height-default elementor-section-height-default\" data-id=\"aa07365\" data-element_type=\"section\" data-e-type=\"section\">\n\t\t\t\t\t\t<div class=\"elementor-container elementor-column-gap-default\">\n\t\t\t\t\t<div class=\"elementor-column elementor-col-50 elementor-top-column elementor-element elementor-element-90b8dd1\" data-id=\"90b8dd1\" data-element_type=\"column\" data-e-type=\"column\">\n\t\t\t<div class=\"elementor-widget-wrap elementor-element-populated\">\n\t\t\t\t\t\t<div class=\"elementor-element elementor-element-f377560 elementor-invisible elementor-widget elementor-widget-text-editor\" data-id=\"f377560\" data-element_type=\"widget\" data-e-type=\"widget\" data-settings=\"{&quot;_animation&quot;:&quot;fadeIn&quot;,&quot;_animation_delay&quot;:50}\" data-widget_type=\"text-editor.default\">\n\t\t\t\t<div class=\"elementor-widget-container\">\n\t\t\t\t\t\t\t\t\t<div id=\"comp-kc4w105t\" class=\"BaOVQ8 tz5f0K comp-kc4w105t wixui-rich-text\" data-testid=\"richTextElement\">\n<div id=\"comp-kc4w105t\" class=\"BaOVQ8 tz5f0K comp-kc4w105t wixui-rich-text\" data-testid=\"richTextElement\">\n<p class=\"font_8 wixui-rich-text__text\">Dans notre laboratoire, nous concevons des proth\u00e8ses dentaires mobiles et semi-fixes. Le dessin est suivi personnellement par l&rsquo;un de nos techniciens sp\u00e9cialis\u00e9s qui, en collaboration avec le m\u00e9decin, \u00e9tudie et r\u00e9alise la nouvelle proth\u00e8se. Cela permet au patient d&rsquo;avoir en peu de temps un nouveau sourire, une nouvelle vie.<\/p>\n<p class=\"font_8 wixui-rich-text__text\"><span class=\"wixui-rich-text__text\">L&rsquo;absence de m\u00e9tal nous permet de cr\u00e9er des transparences et d&rsquo;imiter plus fid\u00e8lement les tissus dentaires naturels avec un excellent r\u00e9sultat.<\/span><\/p>\n<\/div>\n<\/div>\n\t\t\t\t\t\t\t\t<\/div>\n\t\t\t\t<\/div>\n\t\t\t\t\t<\/div>\n\t\t<\/div>\n\t\t\t\t<div class=\"elementor-column elementor-col-50 elementor-top-column elementor-element elementor-element-b601804\" data-id=\"b601804\" data-element_type=\"column\" data-e-type=\"column\">\n\t\t\t<div class=\"elementor-widget-wrap elementor-element-populated\">\n\t\t\t\t\t\t<div class=\"elementor-element elementor-element-14d19ea elementor-widget elementor-widget-gallery\" data-id=\"14d19ea\" data-element_type=\"widget\" data-e-type=\"widget\" data-settings=\"{&quot;columns&quot;:2,&quot;lazyload&quot;:&quot;yes&quot;,&quot;gallery_layout&quot;:&quot;grid&quot;,&quot;columns_tablet&quot;:2,&quot;columns_mobile&quot;:1,&quot;gap&quot;:{&quot;unit&quot;:&quot;px&quot;,&quot;size&quot;:10,&quot;sizes&quot;:[]},&quot;gap_tablet&quot;:{&quot;unit&quot;:&quot;px&quot;,&quot;size&quot;:10,&quot;sizes&quot;:[]},&quot;gap_mobile&quot;:{&quot;unit&quot;:&quot;px&quot;,&quot;size&quot;:10,&quot;sizes&quot;:[]},&quot;link_to&quot;:&quot;file&quot;,&quot;aspect_ratio&quot;:&quot;3:2&quot;,&quot;overlay_background&quot;:&quot;yes&quot;,&quot;content_hover_animation&quot;:&quot;fade-in&quot;}\" data-widget_type=\"gallery.default\">\n\t\t\t\t<div class=\"elementor-widget-container\">\n\t\t\t\t\t\t\t<div class=\"elementor-gallery__container\">\n\t\t\t\t\t\t\t<a class=\"e-gallery-item elementor-gallery-item elementor-animated-content\" href=\"https:\/\/3dental.ch\/wp-content\/uploads\/sites\/110\/2023\/07\/carico-immediato-superiore.webp\" data-elementor-open-lightbox=\"yes\" data-elementor-lightbox-slideshow=\"14d19ea\" data-elementor-lightbox-title=\"carico immediato superiore\" data-e-action-hash=\"#elementor-action%3Aaction%3Dlightbox%26settings%3DeyJpZCI6MjAxLCJ1cmwiOiJodHRwczpcL1wvM2RlbnRhbC5jaFwvd3AtY29udGVudFwvdXBsb2Fkc1wvc2l0ZXNcLzExMFwvMjAyM1wvMDdcL2Nhcmljby1pbW1lZGlhdG8tc3VwZXJpb3JlLndlYnAiLCJzbGlkZXNob3ciOiIxNGQxOWVhIn0%3D\">\n\t\t\t\t\t<div class=\"e-gallery-image elementor-gallery-item__image\" data-thumbnail=\"https:\/\/3dental.ch\/wp-content\/uploads\/sites\/110\/2023\/07\/carico-immediato-superiore.webp\" data-width=\"898\" data-height=\"600\" aria-label=\"\" role=\"img\" ><\/div>\n\t\t\t\t\t\t\t\t\t\t\t<div class=\"elementor-gallery-item__overlay\"><\/div>\n\t\t\t\t\t\t\t\t\t\t\t\t\t\t<\/a>\n\t\t\t\t\t\t\t<a class=\"e-gallery-item elementor-gallery-item elementor-animated-content\" href=\"https:\/\/3dental.ch\/wp-content\/uploads\/sites\/110\/2023\/07\/carico-immediato.webp\" data-elementor-open-lightbox=\"yes\" data-elementor-lightbox-slideshow=\"14d19ea\" data-elementor-lightbox-title=\"carico immediato\" data-e-action-hash=\"#elementor-action%3Aaction%3Dlightbox%26settings%3DeyJpZCI6MjAyLCJ1cmwiOiJodHRwczpcL1wvM2RlbnRhbC5jaFwvd3AtY29udGVudFwvdXBsb2Fkc1wvc2l0ZXNcLzExMFwvMjAyM1wvMDdcL2Nhcmljby1pbW1lZGlhdG8ud2VicCIsInNsaWRlc2hvdyI6IjE0ZDE5ZWEifQ%3D%3D\">\n\t\t\t\t\t<div class=\"e-gallery-image elementor-gallery-item__image\" data-thumbnail=\"https:\/\/3dental.ch\/wp-content\/uploads\/sites\/110\/2023\/07\/carico-immediato.webp\" data-width=\"900\" data-height=\"600\" aria-label=\"\" role=\"img\" ><\/div>\n\t\t\t\t\t\t\t\t\t\t\t<div class=\"elementor-gallery-item__overlay\"><\/div>\n\t\t\t\t\t\t\t\t\t\t\t\t\t\t<\/a>\n\t\t\t\t\t\t\t<a class=\"e-gallery-item elementor-gallery-item elementor-animated-content\" href=\"https:\/\/3dental.ch\/wp-content\/uploads\/sites\/110\/2023\/07\/carico-immediato-inferiore.webp\" data-elementor-open-lightbox=\"yes\" data-elementor-lightbox-slideshow=\"14d19ea\" data-elementor-lightbox-title=\"carico immediato inferiore\" data-e-action-hash=\"#elementor-action%3Aaction%3Dlightbox%26settings%3DeyJpZCI6MjAzLCJ1cmwiOiJodHRwczpcL1wvM2RlbnRhbC5jaFwvd3AtY29udGVudFwvdXBsb2Fkc1wvc2l0ZXNcLzExMFwvMjAyM1wvMDdcL2Nhcmljby1pbW1lZGlhdG8taW5mZXJpb3JlLndlYnAiLCJzbGlkZXNob3ciOiIxNGQxOWVhIn0%3D\">\n\t\t\t\t\t<div class=\"e-gallery-image elementor-gallery-item__image\" data-thumbnail=\"https:\/\/3dental.ch\/wp-content\/uploads\/sites\/110\/2023\/07\/carico-immediato-inferiore.webp\" data-width=\"900\" data-height=\"600\" aria-label=\"\" role=\"img\" ><\/div>\n\t\t\t\t\t\t\t\t\t\t\t<div class=\"elementor-gallery-item__overlay\"><\/div>\n\t\t\t\t\t\t\t\t\t\t\t\t\t\t<\/a>\n\t\t\t\t\t\t\t<a class=\"e-gallery-item elementor-gallery-item elementor-animated-content\" href=\"https:\/\/3dental.ch\/wp-content\/uploads\/sites\/110\/2023\/07\/carico-immediato_2.webp\" data-elementor-open-lightbox=\"yes\" data-elementor-lightbox-slideshow=\"14d19ea\" data-elementor-lightbox-title=\"carico immediato_2\" data-e-action-hash=\"#elementor-action%3Aaction%3Dlightbox%26settings%3DeyJpZCI6MjA0LCJ1cmwiOiJodHRwczpcL1wvM2RlbnRhbC5jaFwvd3AtY29udGVudFwvdXBsb2Fkc1wvc2l0ZXNcLzExMFwvMjAyM1wvMDdcL2Nhcmljby1pbW1lZGlhdG9fMi53ZWJwIiwic2xpZGVzaG93IjoiMTRkMTllYSJ9\">\n\t\t\t\t\t<div class=\"e-gallery-image elementor-gallery-item__image\" data-thumbnail=\"https:\/\/3dental.ch\/wp-content\/uploads\/sites\/110\/2023\/07\/carico-immediato_2.webp\" data-width=\"900\" data-height=\"600\" aria-label=\"\" role=\"img\" ><\/div>\n\t\t\t\t\t\t\t\t\t\t\t<div class=\"elementor-gallery-item__overlay\"><\/div>\n\t\t\t\t\t\t\t\t\t\t\t\t\t\t<\/a>\n\t\t\t\t\t<\/div>\n\t\t\t\t\t<\/div>\n\t\t\t\t<\/div>\n\t\t\t\t\t<\/div>\n\t\t<\/div>\n\t\t\t\t\t<\/div>\n\t\t<\/section>\n\t\t\t\t<section class=\"elementor-section elementor-top-section elementor-element elementor-element-7bdc8eaa elementor-section-boxed elementor-section-height-default elementor-section-height-default\" data-id=\"7bdc8eaa\" data-element_type=\"section\" data-e-type=\"section\" data-settings=\"{&quot;background_background&quot;:&quot;classic&quot;}\">\n\t\t\t\t\t\t<div class=\"elementor-container elementor-column-gap-default\">\n\t\t\t\t\t<div class=\"elementor-column elementor-col-100 elementor-top-column elementor-element elementor-element-481e0e25\" data-id=\"481e0e25\" data-element_type=\"column\" data-e-type=\"column\">\n\t\t\t<div class=\"elementor-widget-wrap elementor-element-populated\">\n\t\t\t\t\t\t<div class=\"elementor-element elementor-element-4d16e421 elementor-invisible elementor-widget elementor-widget-heading\" data-id=\"4d16e421\" data-element_type=\"widget\" data-e-type=\"widget\" data-settings=\"{&quot;_animation&quot;:&quot;fadeInUp&quot;}\" data-widget_type=\"heading.default\">\n\t\t\t\t<div class=\"elementor-widget-container\">\n\t\t\t\t\t<h2 class=\"elementor-heading-title elementor-size-default\">Laboratoire dentaire<\/h2>\t\t\t\t<\/div>\n\t\t\t\t<\/div>\n\t\t\t\t<div class=\"elementor-element elementor-element-2a7d0faa elementor-invisible elementor-widget elementor-widget-text-editor\" data-id=\"2a7d0faa\" data-element_type=\"widget\" data-e-type=\"widget\" data-settings=\"{&quot;_animation&quot;:&quot;fadeInUp&quot;,&quot;_animation_delay&quot;:100}\" data-widget_type=\"text-editor.default\">\n\t\t\t\t<div class=\"elementor-widget-container\">\n\t\t\t\t\t\t\t\t\t<p>Sp\u00e9cialis\u00e9 en proth\u00e8ses dentaires, orthodontie, photographie dentaire<\/p>\n\t\t\t\t\t\t\t\t<\/div>\n\t\t\t\t<\/div>\n\t\t\t\t<div class=\"elementor-element elementor-element-305bb383 elementor-align-center animated-slow elementor-invisible elementor-widget elementor-widget-button\" data-id=\"305bb383\" data-element_type=\"widget\" data-e-type=\"widget\" data-settings=\"{&quot;_animation&quot;:&quot;fadeInUp&quot;,&quot;_animation_delay&quot;:200}\" data-widget_type=\"button.default\">\n\t\t\t\t<div class=\"elementor-widget-container\">\n\t\t\t\t\t\t\t\t\t<div class=\"elementor-button-wrapper\">\n\t\t\t\t\t<a class=\"elementor-button elementor-button-link elementor-size-sm\" href=\"https:\/\/3dental.ch\/contatti\/\">\n\t\t\t\t\t\t<span class=\"elementor-button-content-wrapper\">\n\t\t\t\t\t\t\t\t\t<span class=\"elementor-button-text\">R\u00e9server une consultation<\/span>\n\t\t\t\t\t<\/span>\n\t\t\t\t\t<\/a>\n\t\t\t\t<\/div>\n\t\t\t\t\t\t\t\t<\/div>\n\t\t\t\t<\/div>\n\t\t\t\t\t<\/div>\n\t\t<\/div>\n\t\t\t\t\t<\/div>\n\t\t<\/section>\n\t\t\t\t<\/div>\n\t\t","protected":false},"excerpt":{"rendered":"<p>Dans notre laboratoire, nous concevons des proth\u00e8ses dentaires mobiles et semi-fixes. Le dessin est suivi personnellement par l&rsquo;un de nos techniciens sp\u00e9cialis\u00e9s qui, en collaboration avec le m\u00e9decin, \u00e9tudie et r\u00e9alise la nouvelle proth\u00e8se. Cela permet au patient d&rsquo;avoir en peu de temps un nouveau sourire, une nouvelle vie. L&rsquo;absence de m\u00e9tal nous permet de [&hellip;]<\/p>\n","protected":false},"author":13,"featured_media":0,"parent":550,"menu_order":0,"comment_status":"closed","ping_status":"open","template":"elementor_header_footer","meta":{"_seopress_robots_primary_cat":"","_seopress_titles_title":"","_seopress_titles_desc":"","_seopress_robots_index":"","footnotes":""},"class_list":["post-535","page","type-page","status-publish","hentry"],"_links":{"self":[{"href":"https:\/\/3dental.ch\/fr\/wp-json\/wp\/v2\/pages\/535","targetHints":{"allow":["GET"]}}],"collection":[{"href":"https:\/\/3dental.ch\/fr\/wp-json\/wp\/v2\/pages"}],"about":[{"href":"https:\/\/3dental.ch\/fr\/wp-json\/wp\/v2\/types\/page"}],"author":[{"embeddable":true,"href":"https:\/\/3dental.ch\/fr\/wp-json\/wp\/v2\/users\/13"}],"replies":[{"embeddable":true,"href":"https:\/\/3dental.ch\/fr\/wp-json\/wp\/v2\/comments?post=535"}],"version-history":[{"count":0,"href":"https:\/\/3dental.ch\/fr\/wp-json\/wp\/v2\/pages\/535\/revisions"}],"up":[{"embeddable":true,"href":"https:\/\/3dental.ch\/fr\/wp-json\/wp\/v2\/pages\/550"}],"wp:attachment":[{"href":"https:\/\/3dental.ch\/fr\/wp-json\/wp\/v2\/media?parent=535"}],"curies":[{"name":"wp","href":"https:\/\/api.w.org\/{rel}","templated":true}]}}