{"id":539,"date":"2023-07-20T15:17:58","date_gmt":"2023-07-20T13:17:58","guid":{"rendered":"https:\/\/ticinoweb02.jcloud.ik-server.com\/3dental\/ceramique-esthetique\/"},"modified":"2023-07-20T16:52:24","modified_gmt":"2023-07-20T14:52:24","slug":"ceramique-esthetique","status":"publish","type":"page","link":"https:\/\/3dental.ch\/fr\/services\/ceramique-esthetique\/","title":{"rendered":"C\u00e9ramique esth\u00e9tique"},"content":{"rendered":"\t\t<div data-elementor-type=\"wp-page\" data-elementor-id=\"539\" class=\"elementor elementor-539 elementor-224\" data-elementor-post-type=\"page\">\n\t\t\t\t\t\t<section class=\"elementor-section elementor-top-section elementor-element elementor-element-35edc722 animated-slow elementor-section-boxed elementor-section-height-default elementor-section-height-default elementor-invisible\" data-id=\"35edc722\" data-element_type=\"section\" data-e-type=\"section\" data-settings=\"{&quot;background_background&quot;:&quot;classic&quot;,&quot;animation&quot;:&quot;fadeIn&quot;,&quot;background_motion_fx_motion_fx_scrolling&quot;:&quot;yes&quot;,&quot;background_motion_fx_scale_effect&quot;:&quot;yes&quot;,&quot;background_motion_fx_scale_speed&quot;:{&quot;unit&quot;:&quot;px&quot;,&quot;size&quot;:2,&quot;sizes&quot;:[]},&quot;background_motion_fx_scale_range&quot;:{&quot;unit&quot;:&quot;%&quot;,&quot;size&quot;:&quot;&quot;,&quot;sizes&quot;:{&quot;start&quot;:67,&quot;end&quot;:100}},&quot;background_motion_fx_scale_direction&quot;:&quot;out-in&quot;,&quot;background_motion_fx_devices&quot;:[&quot;desktop&quot;,&quot;tablet&quot;,&quot;mobile&quot;]}\">\n\t\t\t\t\t\t\t<div class=\"elementor-background-overlay\"><\/div>\n\t\t\t\t\t\t\t<div class=\"elementor-container elementor-column-gap-default\">\n\t\t\t\t\t<div class=\"elementor-column elementor-col-100 elementor-top-column elementor-element elementor-element-5e89a00b\" data-id=\"5e89a00b\" data-element_type=\"column\" data-e-type=\"column\">\n\t\t\t<div class=\"elementor-widget-wrap elementor-element-populated\">\n\t\t\t\t\t\t\t<\/div>\n\t\t<\/div>\n\t\t\t\t\t<\/div>\n\t\t<\/section>\n\t\t\t\t<section class=\"elementor-section elementor-top-section elementor-element elementor-element-277b0e9 elementor-section-boxed elementor-section-height-default elementor-section-height-default\" data-id=\"277b0e9\" data-element_type=\"section\" data-e-type=\"section\">\n\t\t\t\t\t\t<div class=\"elementor-container elementor-column-gap-default\">\n\t\t\t\t\t<div class=\"elementor-column elementor-col-50 elementor-top-column elementor-element elementor-element-35dc635\" data-id=\"35dc635\" data-element_type=\"column\" data-e-type=\"column\">\n\t\t\t<div class=\"elementor-widget-wrap elementor-element-populated\">\n\t\t\t\t\t\t<div class=\"elementor-element elementor-element-34f9ed0 elementor-invisible elementor-widget elementor-widget-text-editor\" data-id=\"34f9ed0\" data-element_type=\"widget\" data-e-type=\"widget\" data-settings=\"{&quot;_animation&quot;:&quot;fadeIn&quot;,&quot;_animation_delay&quot;:50}\" data-widget_type=\"text-editor.default\">\n\t\t\t\t<div class=\"elementor-widget-container\">\n\t\t\t\t\t\t\t\t\t<div id=\"comp-kc4w105t\" class=\"BaOVQ8 tz5f0K comp-kc4w105t wixui-rich-text\" data-testid=\"richTextElement\">\n<div id=\"comp-kc4w105t\" class=\"BaOVQ8 tz5f0K comp-kc4w105t wixui-rich-text\" data-testid=\"richTextElement\">\n<p class=\"font_8 wixui-rich-text__text\"><span class=\"wixui-rich-text__text\">Le disilicate de lithium permet la fabrication de restaurations monolithiques uniques. Cette c\u00e9ramique innovante permet d&rsquo;obtenir des r\u00e9sultats tr\u00e8s esth\u00e9tiques par rapport aux autres vitroc\u00e9ramiques,  <\/span><span class=\"wixui-rich-text__text\">a une r\u00e9sistance 2,5 \u00e0 3 fois sup\u00e9rieure.<\/span><\/p>\n<p class=\"font_8 wixui-rich-text__text\"><span class=\"wixui-rich-text__text\">La sous-structure en zircone peut \u00e9galement \u00eatre utilis\u00e9e pour les bridges dans la r\u00e9gion post\u00e9rieure.  <\/span><span class=\"wixui-rich-text__text\">Le mat\u00e9riau est trait\u00e9 dans l&rsquo;atelier \u00e0 l&rsquo;aide de la presse ou de la technologie CAD\/CAM. Des ann\u00e9es d&rsquo;exp\u00e9rience clinique d\u00e9montrent la r\u00e9sistance de 500 MPa du disilicate de lithium. Gr\u00e2ce \u00e0 leur r\u00e9sistance \u00e9lev\u00e9e, les restaurations offrent des options de scellement flexibles. En fonction des besoins du patient, les restaurations peuvent \u00eatre recouvertes d&rsquo;un rev\u00eatement tr\u00e8s esth\u00e9tique,  <\/span><span class=\"wixui-rich-text__text\">ou \u00eatre peints, s&rsquo;ils sont r\u00e9alis\u00e9s de mani\u00e8re totalement anatomique.  <\/span><span class=\"wixui-rich-text__text\">Des restaurations tout-c\u00e9ramique peuvent \u00e9galement \u00eatre r\u00e9alis\u00e9es dans le cas de moignons sombres (par exemple en raison d&rsquo;une d\u00e9coloration ou dans le cas de piliers en titane). En communiquant la couleur du pilier au laboratoire, le proth\u00e9siste dentaire peut choisir le disilicate de lithium avec l&rsquo;opacit\u00e9 requise afin de restaurer l&rsquo;esth\u00e9tique naturelle.<\/span><\/p>\n<p class=\"font_8 wixui-rich-text__text\"><span class=\"wixui-rich-text__text\">L&rsquo;absence de m\u00e9tal nous permet de cr\u00e9er des transparences et d&rsquo;imiter plus fid\u00e8lement les tissus dentaires naturels avec un excellent r\u00e9sultat.<\/span><\/p>\n<\/div>\n<\/div>\n\t\t\t\t\t\t\t\t<\/div>\n\t\t\t\t<\/div>\n\t\t\t\t\t<\/div>\n\t\t<\/div>\n\t\t\t\t<div class=\"elementor-column elementor-col-50 elementor-top-column elementor-element elementor-element-5b00ffd\" data-id=\"5b00ffd\" data-element_type=\"column\" data-e-type=\"column\">\n\t\t\t<div class=\"elementor-widget-wrap elementor-element-populated\">\n\t\t\t\t\t\t<div class=\"elementor-element elementor-element-eaad6b0 elementor-widget elementor-widget-gallery\" data-id=\"eaad6b0\" data-element_type=\"widget\" data-e-type=\"widget\" data-settings=\"{&quot;columns&quot;:2,&quot;aspect_ratio&quot;:&quot;1:1&quot;,&quot;lazyload&quot;:&quot;yes&quot;,&quot;gallery_layout&quot;:&quot;grid&quot;,&quot;columns_tablet&quot;:2,&quot;columns_mobile&quot;:1,&quot;gap&quot;:{&quot;unit&quot;:&quot;px&quot;,&quot;size&quot;:10,&quot;sizes&quot;:[]},&quot;gap_tablet&quot;:{&quot;unit&quot;:&quot;px&quot;,&quot;size&quot;:10,&quot;sizes&quot;:[]},&quot;gap_mobile&quot;:{&quot;unit&quot;:&quot;px&quot;,&quot;size&quot;:10,&quot;sizes&quot;:[]},&quot;link_to&quot;:&quot;file&quot;,&quot;overlay_background&quot;:&quot;yes&quot;,&quot;content_hover_animation&quot;:&quot;fade-in&quot;}\" data-widget_type=\"gallery.default\">\n\t\t\t\t<div class=\"elementor-widget-container\">\n\t\t\t\t\t\t\t<div class=\"elementor-gallery__container\">\n\t\t\t\t\t\t\t<a class=\"e-gallery-item elementor-gallery-item elementor-animated-content\" href=\"https:\/\/3dental.ch\/wp-content\/uploads\/sites\/110\/2023\/07\/FACCETTE_001.webp\" data-elementor-open-lightbox=\"yes\" data-elementor-lightbox-slideshow=\"eaad6b0\" data-elementor-lightbox-title=\"FACCETTE_001\" data-e-action-hash=\"#elementor-action%3Aaction%3Dlightbox%26settings%3DeyJpZCI6MjMyLCJ1cmwiOiJodHRwczpcL1wvM2RlbnRhbC5jaFwvd3AtY29udGVudFwvdXBsb2Fkc1wvc2l0ZXNcLzExMFwvMjAyM1wvMDdcL0ZBQ0NFVFRFXzAwMS53ZWJwIiwic2xpZGVzaG93IjoiZWFhZDZiMCJ9\">\n\t\t\t\t\t<div class=\"e-gallery-image elementor-gallery-item__image\" data-thumbnail=\"https:\/\/3dental.ch\/wp-content\/uploads\/sites\/110\/2023\/07\/FACCETTE_001.webp\" data-width=\"882\" data-height=\"500\" aria-label=\"\" role=\"img\" ><\/div>\n\t\t\t\t\t\t\t\t\t\t\t<div class=\"elementor-gallery-item__overlay\"><\/div>\n\t\t\t\t\t\t\t\t\t\t\t\t\t\t<\/a>\n\t\t\t\t\t\t\t<a class=\"e-gallery-item elementor-gallery-item elementor-animated-content\" href=\"https:\/\/3dental.ch\/wp-content\/uploads\/sites\/110\/2023\/07\/estetica-dentale-c.webp\" data-elementor-open-lightbox=\"yes\" data-elementor-lightbox-slideshow=\"eaad6b0\" data-elementor-lightbox-title=\"estetica dentale c\" data-e-action-hash=\"#elementor-action%3Aaction%3Dlightbox%26settings%3DeyJpZCI6MjMzLCJ1cmwiOiJodHRwczpcL1wvM2RlbnRhbC5jaFwvd3AtY29udGVudFwvdXBsb2Fkc1wvc2l0ZXNcLzExMFwvMjAyM1wvMDdcL2VzdGV0aWNhLWRlbnRhbGUtYy53ZWJwIiwic2xpZGVzaG93IjoiZWFhZDZiMCJ9\">\n\t\t\t\t\t<div class=\"e-gallery-image elementor-gallery-item__image\" data-thumbnail=\"https:\/\/3dental.ch\/wp-content\/uploads\/sites\/110\/2023\/07\/estetica-dentale-c.webp\" data-width=\"745\" data-height=\"524\" aria-label=\"\" role=\"img\" ><\/div>\n\t\t\t\t\t\t\t\t\t\t\t<div class=\"elementor-gallery-item__overlay\"><\/div>\n\t\t\t\t\t\t\t\t\t\t\t\t\t\t<\/a>\n\t\t\t\t\t\t\t<a class=\"e-gallery-item elementor-gallery-item elementor-animated-content\" href=\"https:\/\/3dental.ch\/wp-content\/uploads\/sites\/110\/2023\/07\/estetica-dentale-b.webp\" data-elementor-open-lightbox=\"yes\" data-elementor-lightbox-slideshow=\"eaad6b0\" data-elementor-lightbox-title=\"estetica dentale b\" data-e-action-hash=\"#elementor-action%3Aaction%3Dlightbox%26settings%3DeyJpZCI6MjM0LCJ1cmwiOiJodHRwczpcL1wvM2RlbnRhbC5jaFwvd3AtY29udGVudFwvdXBsb2Fkc1wvc2l0ZXNcLzExMFwvMjAyM1wvMDdcL2VzdGV0aWNhLWRlbnRhbGUtYi53ZWJwIiwic2xpZGVzaG93IjoiZWFhZDZiMCJ9\">\n\t\t\t\t\t<div class=\"e-gallery-image elementor-gallery-item__image\" data-thumbnail=\"https:\/\/3dental.ch\/wp-content\/uploads\/sites\/110\/2023\/07\/estetica-dentale-b.webp\" data-width=\"750\" data-height=\"527\" aria-label=\"\" role=\"img\" ><\/div>\n\t\t\t\t\t\t\t\t\t\t\t<div class=\"elementor-gallery-item__overlay\"><\/div>\n\t\t\t\t\t\t\t\t\t\t\t\t\t\t<\/a>\n\t\t\t\t\t\t\t<a class=\"e-gallery-item elementor-gallery-item elementor-animated-content\" href=\"https:\/\/3dental.ch\/wp-content\/uploads\/sites\/110\/2023\/07\/FACCETTE_002.webp\" data-elementor-open-lightbox=\"yes\" data-elementor-lightbox-slideshow=\"eaad6b0\" data-elementor-lightbox-title=\"FACCETTE_002\" data-e-action-hash=\"#elementor-action%3Aaction%3Dlightbox%26settings%3DeyJpZCI6MjM1LCJ1cmwiOiJodHRwczpcL1wvM2RlbnRhbC5jaFwvd3AtY29udGVudFwvdXBsb2Fkc1wvc2l0ZXNcLzExMFwvMjAyM1wvMDdcL0ZBQ0NFVFRFXzAwMi53ZWJwIiwic2xpZGVzaG93IjoiZWFhZDZiMCJ9\">\n\t\t\t\t\t<div class=\"e-gallery-image elementor-gallery-item__image\" data-thumbnail=\"https:\/\/3dental.ch\/wp-content\/uploads\/sites\/110\/2023\/07\/FACCETTE_002.webp\" data-width=\"882\" data-height=\"500\" aria-label=\"\" role=\"img\" ><\/div>\n\t\t\t\t\t\t\t\t\t\t\t<div class=\"elementor-gallery-item__overlay\"><\/div>\n\t\t\t\t\t\t\t\t\t\t\t\t\t\t<\/a>\n\t\t\t\t\t\t\t<a class=\"e-gallery-item elementor-gallery-item elementor-animated-content\" href=\"https:\/\/3dental.ch\/wp-content\/uploads\/sites\/110\/2023\/07\/estetica-dentale-a.webp\" data-elementor-open-lightbox=\"yes\" data-elementor-lightbox-slideshow=\"eaad6b0\" data-elementor-lightbox-title=\"estetica dentale a\" data-e-action-hash=\"#elementor-action%3Aaction%3Dlightbox%26settings%3DeyJpZCI6MjM2LCJ1cmwiOiJodHRwczpcL1wvM2RlbnRhbC5jaFwvd3AtY29udGVudFwvdXBsb2Fkc1wvc2l0ZXNcLzExMFwvMjAyM1wvMDdcL2VzdGV0aWNhLWRlbnRhbGUtYS53ZWJwIiwic2xpZGVzaG93IjoiZWFhZDZiMCJ9\">\n\t\t\t\t\t<div class=\"e-gallery-image elementor-gallery-item__image\" data-thumbnail=\"https:\/\/3dental.ch\/wp-content\/uploads\/sites\/110\/2023\/07\/estetica-dentale-a.webp\" data-width=\"749\" data-height=\"539\" aria-label=\"\" role=\"img\" ><\/div>\n\t\t\t\t\t\t\t\t\t\t\t<div class=\"elementor-gallery-item__overlay\"><\/div>\n\t\t\t\t\t\t\t\t\t\t\t\t\t\t<\/a>\n\t\t\t\t\t\t\t<a class=\"e-gallery-item elementor-gallery-item elementor-animated-content\" href=\"https:\/\/3dental.ch\/wp-content\/uploads\/sites\/110\/2023\/07\/4.webp\" data-elementor-open-lightbox=\"yes\" data-elementor-lightbox-slideshow=\"eaad6b0\" data-elementor-lightbox-title=\"4\" data-e-action-hash=\"#elementor-action%3Aaction%3Dlightbox%26settings%3DeyJpZCI6MjM3LCJ1cmwiOiJodHRwczpcL1wvM2RlbnRhbC5jaFwvd3AtY29udGVudFwvdXBsb2Fkc1wvc2l0ZXNcLzExMFwvMjAyM1wvMDdcLzQud2VicCIsInNsaWRlc2hvdyI6ImVhYWQ2YjAifQ%3D%3D\">\n\t\t\t\t\t<div class=\"e-gallery-image elementor-gallery-item__image\" data-thumbnail=\"https:\/\/3dental.ch\/wp-content\/uploads\/sites\/110\/2023\/07\/4.webp\" data-width=\"890\" data-height=\"630\" aria-label=\"\" role=\"img\" ><\/div>\n\t\t\t\t\t\t\t\t\t\t\t<div class=\"elementor-gallery-item__overlay\"><\/div>\n\t\t\t\t\t\t\t\t\t\t\t\t\t\t<\/a>\n\t\t\t\t\t<\/div>\n\t\t\t\t\t<\/div>\n\t\t\t\t<\/div>\n\t\t\t\t\t<\/div>\n\t\t<\/div>\n\t\t\t\t\t<\/div>\n\t\t<\/section>\n\t\t\t\t<section class=\"elementor-section elementor-top-section elementor-element elementor-element-7f25bcf6 elementor-section-boxed elementor-section-height-default elementor-section-height-default\" data-id=\"7f25bcf6\" data-element_type=\"section\" data-e-type=\"section\" data-settings=\"{&quot;background_background&quot;:&quot;classic&quot;}\">\n\t\t\t\t\t\t<div class=\"elementor-container elementor-column-gap-default\">\n\t\t\t\t\t<div class=\"elementor-column elementor-col-100 elementor-top-column elementor-element elementor-element-4c204b59\" data-id=\"4c204b59\" data-element_type=\"column\" data-e-type=\"column\">\n\t\t\t<div class=\"elementor-widget-wrap elementor-element-populated\">\n\t\t\t\t\t\t<div class=\"elementor-element elementor-element-45841338 elementor-invisible elementor-widget elementor-widget-heading\" data-id=\"45841338\" data-element_type=\"widget\" data-e-type=\"widget\" data-settings=\"{&quot;_animation&quot;:&quot;fadeInUp&quot;}\" data-widget_type=\"heading.default\">\n\t\t\t\t<div class=\"elementor-widget-container\">\n\t\t\t\t\t<h2 class=\"elementor-heading-title elementor-size-default\">Laboratoire dentaire<\/h2>\t\t\t\t<\/div>\n\t\t\t\t<\/div>\n\t\t\t\t<div class=\"elementor-element elementor-element-7eb5b553 elementor-invisible elementor-widget elementor-widget-text-editor\" data-id=\"7eb5b553\" data-element_type=\"widget\" data-e-type=\"widget\" data-settings=\"{&quot;_animation&quot;:&quot;fadeInUp&quot;,&quot;_animation_delay&quot;:100}\" data-widget_type=\"text-editor.default\">\n\t\t\t\t<div class=\"elementor-widget-container\">\n\t\t\t\t\t\t\t\t\t<p>Sp\u00e9cialis\u00e9 en proth\u00e8ses dentaires, orthodontie, photographie dentaire<\/p>\n\t\t\t\t\t\t\t\t<\/div>\n\t\t\t\t<\/div>\n\t\t\t\t<div class=\"elementor-element elementor-element-57332fcd elementor-align-center animated-slow elementor-invisible elementor-widget elementor-widget-button\" data-id=\"57332fcd\" data-element_type=\"widget\" data-e-type=\"widget\" data-settings=\"{&quot;_animation&quot;:&quot;fadeInUp&quot;,&quot;_animation_delay&quot;:200}\" data-widget_type=\"button.default\">\n\t\t\t\t<div class=\"elementor-widget-container\">\n\t\t\t\t\t\t\t\t\t<div class=\"elementor-button-wrapper\">\n\t\t\t\t\t<a class=\"elementor-button elementor-button-link elementor-size-sm\" href=\"https:\/\/3dental.ch\/fr\/contact\/\">\n\t\t\t\t\t\t<span class=\"elementor-button-content-wrapper\">\n\t\t\t\t\t\t\t\t\t<span class=\"elementor-button-text\">R\u00e9server une consultation<\/span>\n\t\t\t\t\t<\/span>\n\t\t\t\t\t<\/a>\n\t\t\t\t<\/div>\n\t\t\t\t\t\t\t\t<\/div>\n\t\t\t\t<\/div>\n\t\t\t\t\t<\/div>\n\t\t<\/div>\n\t\t\t\t\t<\/div>\n\t\t<\/section>\n\t\t\t\t<\/div>\n\t\t","protected":false},"excerpt":{"rendered":"<p>Le disilicate de lithium permet la fabrication de restaurations monolithiques uniques. Cette c\u00e9ramique innovante permet d&rsquo;obtenir des r\u00e9sultats tr\u00e8s esth\u00e9tiques par rapport aux autres vitroc\u00e9ramiques, a une r\u00e9sistance 2,5 \u00e0 3 fois sup\u00e9rieure. La sous-structure en zircone peut \u00e9galement \u00eatre utilis\u00e9e pour les bridges dans la r\u00e9gion post\u00e9rieure. Le mat\u00e9riau est trait\u00e9 dans l&rsquo;atelier \u00e0 [&hellip;]<\/p>\n","protected":false},"author":13,"featured_media":0,"parent":550,"menu_order":0,"comment_status":"closed","ping_status":"open","template":"elementor_header_footer","meta":{"_seopress_robots_primary_cat":"","_seopress_titles_title":"","_seopress_titles_desc":"","_seopress_robots_index":"","footnotes":""},"class_list":["post-539","page","type-page","status-publish","hentry"],"_links":{"self":[{"href":"https:\/\/3dental.ch\/fr\/wp-json\/wp\/v2\/pages\/539","targetHints":{"allow":["GET"]}}],"collection":[{"href":"https:\/\/3dental.ch\/fr\/wp-json\/wp\/v2\/pages"}],"about":[{"href":"https:\/\/3dental.ch\/fr\/wp-json\/wp\/v2\/types\/page"}],"author":[{"embeddable":true,"href":"https:\/\/3dental.ch\/fr\/wp-json\/wp\/v2\/users\/13"}],"replies":[{"embeddable":true,"href":"https:\/\/3dental.ch\/fr\/wp-json\/wp\/v2\/comments?post=539"}],"version-history":[{"count":0,"href":"https:\/\/3dental.ch\/fr\/wp-json\/wp\/v2\/pages\/539\/revisions"}],"up":[{"embeddable":true,"href":"https:\/\/3dental.ch\/fr\/wp-json\/wp\/v2\/pages\/550"}],"wp:attachment":[{"href":"https:\/\/3dental.ch\/fr\/wp-json\/wp\/v2\/media?parent=539"}],"curies":[{"name":"wp","href":"https:\/\/api.w.org\/{rel}","templated":true}]}}