{"id":541,"date":"2023-07-20T15:09:31","date_gmt":"2023-07-20T13:09:31","guid":{"rendered":"https:\/\/ticinoweb02.jcloud.ik-server.com\/3dental\/cad-cam-3d\/"},"modified":"2023-07-20T16:06:11","modified_gmt":"2023-07-20T14:06:11","slug":"cad-cam-3d","status":"publish","type":"page","link":"https:\/\/3dental.ch\/fr\/services\/cad-cam-3d\/","title":{"rendered":"Cad Cam + 3D"},"content":{"rendered":"\t\t<div data-elementor-type=\"wp-page\" data-elementor-id=\"541\" class=\"elementor elementor-541 elementor-212\" data-elementor-post-type=\"page\">\n\t\t\t\t\t\t<section class=\"elementor-section elementor-top-section elementor-element elementor-element-6fc7b9ee animated-slow elementor-section-boxed elementor-section-height-default elementor-section-height-default elementor-invisible\" data-id=\"6fc7b9ee\" data-element_type=\"section\" data-e-type=\"section\" data-settings=\"{&quot;background_background&quot;:&quot;classic&quot;,&quot;animation&quot;:&quot;fadeIn&quot;,&quot;background_motion_fx_motion_fx_scrolling&quot;:&quot;yes&quot;,&quot;background_motion_fx_scale_effect&quot;:&quot;yes&quot;,&quot;background_motion_fx_scale_speed&quot;:{&quot;unit&quot;:&quot;px&quot;,&quot;size&quot;:2,&quot;sizes&quot;:[]},&quot;background_motion_fx_scale_range&quot;:{&quot;unit&quot;:&quot;%&quot;,&quot;size&quot;:&quot;&quot;,&quot;sizes&quot;:{&quot;start&quot;:67,&quot;end&quot;:100}},&quot;background_motion_fx_scale_direction&quot;:&quot;out-in&quot;,&quot;background_motion_fx_devices&quot;:[&quot;desktop&quot;,&quot;tablet&quot;,&quot;mobile&quot;]}\">\n\t\t\t\t\t\t\t<div class=\"elementor-background-overlay\"><\/div>\n\t\t\t\t\t\t\t<div class=\"elementor-container elementor-column-gap-default\">\n\t\t\t\t\t<div class=\"elementor-column elementor-col-100 elementor-top-column elementor-element elementor-element-1e573b1a\" data-id=\"1e573b1a\" data-element_type=\"column\" data-e-type=\"column\">\n\t\t\t<div class=\"elementor-widget-wrap elementor-element-populated\">\n\t\t\t\t\t\t\t<\/div>\n\t\t<\/div>\n\t\t\t\t\t<\/div>\n\t\t<\/section>\n\t\t\t\t<section class=\"elementor-section elementor-top-section elementor-element elementor-element-861edab elementor-section-boxed elementor-section-height-default elementor-section-height-default\" data-id=\"861edab\" data-element_type=\"section\" data-e-type=\"section\">\n\t\t\t\t\t\t<div class=\"elementor-container elementor-column-gap-default\">\n\t\t\t\t\t<div class=\"elementor-column elementor-col-50 elementor-top-column elementor-element elementor-element-865c6b1\" data-id=\"865c6b1\" data-element_type=\"column\" data-e-type=\"column\">\n\t\t\t<div class=\"elementor-widget-wrap elementor-element-populated\">\n\t\t\t\t\t\t<div class=\"elementor-element elementor-element-991ac33 elementor-widget elementor-widget-heading\" data-id=\"991ac33\" data-element_type=\"widget\" data-e-type=\"widget\" data-widget_type=\"heading.default\">\n\t\t\t\t<div class=\"elementor-widget-container\">\n\t\t\t\t\t<h2 class=\"elementor-heading-title elementor-size-default\">Cad-Cam\n<\/h2>\t\t\t\t<\/div>\n\t\t\t\t<\/div>\n\t\t\t\t<div class=\"elementor-element elementor-element-3fd0b84 elementor-invisible elementor-widget elementor-widget-text-editor\" data-id=\"3fd0b84\" data-element_type=\"widget\" data-e-type=\"widget\" data-settings=\"{&quot;_animation&quot;:&quot;fadeIn&quot;,&quot;_animation_delay&quot;:50}\" data-widget_type=\"text-editor.default\">\n\t\t\t\t<div class=\"elementor-widget-container\">\n\t\t\t\t\t\t\t\t\t<div id=\"comp-kc4w105t\" class=\"BaOVQ8 tz5f0K comp-kc4w105t wixui-rich-text\" data-testid=\"richTextElement\">\n<div id=\"comp-kc4w105t\" class=\"BaOVQ8 tz5f0K comp-kc4w105t wixui-rich-text\" data-testid=\"richTextElement\">\n<p class=\"font_8 wixui-rich-text__text\"><span class=\"wixui-rich-text__text\">e d\u00e9partement CAD-CAM fait de la compatibilit\u00e9 son point d&rsquo;excellence.<\/span><\/p>\n<p class=\"font_8 wixui-rich-text__text\"><span class=\"wixui-rich-text__text\">Gr\u00e2ce aux processus de fraisage et \u00e0 l&rsquo;utilisation des technologies CAD-CAM, il est possible de produire des composants semi-finis pour le secteur dentaire dans diff\u00e9rents types de mat\u00e9riaux. Le processus de production comprend le scannage et la num\u00e9risation du mod\u00e8le, la v\u00e9rification de la passivit\u00e9 de la future structure et, enfin, la production \u00e0 l&rsquo;aide de machines dynamiques \u00e0 5 axes de haute pr\u00e9cision et reproductibles.  <\/span><span class=\"wixui-rich-text__text\">Mat\u00e9riaux disponibles : Dioxyde de zirconium &#8211; PMMA &#8211; Titane &#8211; Chrome Cobalt &#8211; PEEK<\/span><\/p>\n<\/div>\n<\/div>\n\t\t\t\t\t\t\t\t<\/div>\n\t\t\t\t<\/div>\n\t\t\t\t\t<\/div>\n\t\t<\/div>\n\t\t\t\t<div class=\"elementor-column elementor-col-50 elementor-top-column elementor-element elementor-element-bd15543\" data-id=\"bd15543\" data-element_type=\"column\" data-e-type=\"column\">\n\t\t\t<div class=\"elementor-widget-wrap elementor-element-populated\">\n\t\t\t\t\t\t<div class=\"elementor-element elementor-element-92cbab5 elementor-widget elementor-widget-image\" data-id=\"92cbab5\" data-element_type=\"widget\" data-e-type=\"widget\" data-widget_type=\"image.default\">\n\t\t\t\t<div class=\"elementor-widget-container\">\n\t\t\t\t\t\t\t\t\t\t\t\t\t\t\t<img fetchpriority=\"high\" decoding=\"async\" width=\"800\" height=\"534\" src=\"https:\/\/3dental.ch\/wp-content\/uploads\/sites\/110\/2023\/07\/cialde-1024x683.webp\" class=\"attachment-large size-large wp-image-216\" alt=\"\" srcset=\"https:\/\/3dental.ch\/wp-content\/uploads\/sites\/110\/2023\/07\/cialde-1024x683.webp 1024w, https:\/\/3dental.ch\/wp-content\/uploads\/sites\/110\/2023\/07\/cialde-300x200.webp 300w, https:\/\/3dental.ch\/wp-content\/uploads\/sites\/110\/2023\/07\/cialde-768x512.webp 768w, https:\/\/3dental.ch\/wp-content\/uploads\/sites\/110\/2023\/07\/cialde-1536x1025.webp 1536w, https:\/\/3dental.ch\/wp-content\/uploads\/sites\/110\/2023\/07\/cialde.webp 1586w\" sizes=\"(max-width: 800px) 100vw, 800px\" \/>\t\t\t\t\t\t\t\t\t\t\t\t\t\t\t<\/div>\n\t\t\t\t<\/div>\n\t\t\t\t\t<\/div>\n\t\t<\/div>\n\t\t\t\t\t<\/div>\n\t\t<\/section>\n\t\t\t\t<section class=\"elementor-section elementor-top-section elementor-element elementor-element-e7e75b3 elementor-section-boxed elementor-section-height-default elementor-section-height-default\" data-id=\"e7e75b3\" data-element_type=\"section\" data-e-type=\"section\" data-settings=\"{&quot;background_background&quot;:&quot;classic&quot;}\">\n\t\t\t\t\t\t<div class=\"elementor-container elementor-column-gap-default\">\n\t\t\t\t\t<div class=\"elementor-column elementor-col-50 elementor-top-column elementor-element elementor-element-e3b225d\" data-id=\"e3b225d\" data-element_type=\"column\" data-e-type=\"column\">\n\t\t\t<div class=\"elementor-widget-wrap elementor-element-populated\">\n\t\t\t\t\t\t<div class=\"elementor-element elementor-element-b65be25 elementor-widget elementor-widget-image\" data-id=\"b65be25\" data-element_type=\"widget\" data-e-type=\"widget\" data-widget_type=\"image.default\">\n\t\t\t\t<div class=\"elementor-widget-container\">\n\t\t\t\t\t\t\t\t\t\t\t\t\t\t\t<img decoding=\"async\" width=\"800\" height=\"534\" src=\"https:\/\/3dental.ch\/wp-content\/uploads\/sites\/110\/2023\/07\/modello-3d-1024x684.webp\" class=\"attachment-large size-large wp-image-217\" alt=\"\" srcset=\"https:\/\/3dental.ch\/wp-content\/uploads\/sites\/110\/2023\/07\/modello-3d-1024x684.webp 1024w, https:\/\/3dental.ch\/wp-content\/uploads\/sites\/110\/2023\/07\/modello-3d-300x201.webp 300w, https:\/\/3dental.ch\/wp-content\/uploads\/sites\/110\/2023\/07\/modello-3d-768x513.webp 768w, https:\/\/3dental.ch\/wp-content\/uploads\/sites\/110\/2023\/07\/modello-3d-1536x1027.webp 1536w, https:\/\/3dental.ch\/wp-content\/uploads\/sites\/110\/2023\/07\/modello-3d.webp 1586w\" sizes=\"(max-width: 800px) 100vw, 800px\" \/>\t\t\t\t\t\t\t\t\t\t\t\t\t\t\t<\/div>\n\t\t\t\t<\/div>\n\t\t\t\t\t<\/div>\n\t\t<\/div>\n\t\t\t\t<div class=\"elementor-column elementor-col-50 elementor-top-column elementor-element elementor-element-1c25a38\" data-id=\"1c25a38\" data-element_type=\"column\" data-e-type=\"column\">\n\t\t\t<div class=\"elementor-widget-wrap elementor-element-populated\">\n\t\t\t\t\t\t<div class=\"elementor-element elementor-element-cf7fc4d elementor-widget elementor-widget-heading\" data-id=\"cf7fc4d\" data-element_type=\"widget\" data-e-type=\"widget\" data-widget_type=\"heading.default\">\n\t\t\t\t<div class=\"elementor-widget-container\">\n\t\t\t\t\t<h2 class=\"elementor-heading-title elementor-size-default\">3D<\/h2>\t\t\t\t<\/div>\n\t\t\t\t<\/div>\n\t\t\t\t<div class=\"elementor-element elementor-element-22cc8fe elementor-widget__width-inherit elementor-invisible elementor-widget elementor-widget-text-editor\" data-id=\"22cc8fe\" data-element_type=\"widget\" data-e-type=\"widget\" data-settings=\"{&quot;_animation&quot;:&quot;fadeIn&quot;,&quot;_animation_delay&quot;:100}\" data-widget_type=\"text-editor.default\">\n\t\t\t\t<div class=\"elementor-widget-container\">\n\t\t\t\t\t\t\t\t\t<p>L&rsquo;utilisation de syst\u00e8mes de scannage intra-oral a permis de simplifier l&rsquo;envoi des \u00ab\u00a0empreintes &#8211; fichiers STL\u00a0\u00bb au laboratoire, d&rsquo;acc\u00e9l\u00e9rer et de moderniser la r\u00e9p\u00e9tabilit\u00e9 des processus et d&rsquo;offrir un large \u00e9ventail de r\u00e9solutions, y compris proth\u00e9tiques, tant en clinique qu&rsquo;en laboratoire, en offrant les avantages suivants<\/p>\n<p><strong>Rapidit\u00e9<br \/><\/strong>Gr\u00e2ce \u00e0 l&rsquo;envoi de fichiers en temps r\u00e9el, les mod\u00e8les peuvent \u00eatre d\u00e9velopp\u00e9s directement en \u00e9liminant le temps de transport \u00e0 l&rsquo;aide de l&rsquo;imprimante 3D.<\/p>\n<p><strong>S\u00e9curit\u00e9<br \/><\/strong>La possibilit\u00e9 de sauvegarder les fichiers dans une archive \u00e9limine les probl\u00e8mes li\u00e9s \u00e0 la perte d&#8217;empreintes, aux imperfections ou au moulage des mod\u00e8les.<\/p>\n<p><strong>Pr\u00e9cision<br \/><\/strong>Gr\u00e2ce \u00e0 un r\u00e9glage pr\u00e9d\u00e9fini, le laboratoire produit un artefact de haute pr\u00e9cision et de grande qualit\u00e9.<\/p>\n<p><strong>R\u00e9p\u00e9tabilit\u00e9<br \/><\/strong>un fichier num\u00e9rique peut \u00eatre reproduit en un certain nombre d&rsquo;exemplaires toujours identiques, m\u00eame apr\u00e8s un certain temps.<\/p>\n<p><strong>Eco-durabilit\u00e9<br \/><\/strong>Gr\u00e2ce \u00e0 cette nouvelle technologie, la production de d\u00e9chets non recyclables (alginates, silicones et mat\u00e9riaux crayeux) est r\u00e9duite et la n\u00e9cessit\u00e9 de d\u00e9sinfecter les porte-empreintes est \u00e9limin\u00e9e, ce qui est un grand avantage pour l&rsquo;environnement.<\/p>\n\t\t\t\t\t\t\t\t<\/div>\n\t\t\t\t<\/div>\n\t\t\t\t\t<\/div>\n\t\t<\/div>\n\t\t\t\t\t<\/div>\n\t\t<\/section>\n\t\t\t\t<section class=\"elementor-section elementor-top-section elementor-element elementor-element-3d232352 elementor-section-boxed elementor-section-height-default elementor-section-height-default\" data-id=\"3d232352\" data-element_type=\"section\" data-e-type=\"section\" data-settings=\"{&quot;background_background&quot;:&quot;classic&quot;}\">\n\t\t\t\t\t\t<div class=\"elementor-container elementor-column-gap-default\">\n\t\t\t\t\t<div class=\"elementor-column elementor-col-100 elementor-top-column elementor-element elementor-element-6c665c01\" data-id=\"6c665c01\" data-element_type=\"column\" data-e-type=\"column\">\n\t\t\t<div class=\"elementor-widget-wrap elementor-element-populated\">\n\t\t\t\t\t\t<div class=\"elementor-element elementor-element-23c82aa3 elementor-invisible elementor-widget elementor-widget-heading\" data-id=\"23c82aa3\" data-element_type=\"widget\" data-e-type=\"widget\" data-settings=\"{&quot;_animation&quot;:&quot;fadeInUp&quot;}\" data-widget_type=\"heading.default\">\n\t\t\t\t<div class=\"elementor-widget-container\">\n\t\t\t\t\t<h2 class=\"elementor-heading-title elementor-size-default\">Laboratoire dentaire<\/h2>\t\t\t\t<\/div>\n\t\t\t\t<\/div>\n\t\t\t\t<div class=\"elementor-element elementor-element-131ea0b8 elementor-invisible elementor-widget elementor-widget-text-editor\" data-id=\"131ea0b8\" data-element_type=\"widget\" data-e-type=\"widget\" data-settings=\"{&quot;_animation&quot;:&quot;fadeInUp&quot;,&quot;_animation_delay&quot;:100}\" data-widget_type=\"text-editor.default\">\n\t\t\t\t<div class=\"elementor-widget-container\">\n\t\t\t\t\t\t\t\t\t<p>Sp\u00e9cialis\u00e9 en proth\u00e8ses dentaires, orthodontie, photographie dentaire<\/p>\n\t\t\t\t\t\t\t\t<\/div>\n\t\t\t\t<\/div>\n\t\t\t\t<div class=\"elementor-element elementor-element-4cccb9d3 elementor-align-center animated-slow elementor-invisible elementor-widget elementor-widget-button\" data-id=\"4cccb9d3\" data-element_type=\"widget\" data-e-type=\"widget\" data-settings=\"{&quot;_animation&quot;:&quot;fadeInUp&quot;,&quot;_animation_delay&quot;:200}\" data-widget_type=\"button.default\">\n\t\t\t\t<div class=\"elementor-widget-container\">\n\t\t\t\t\t\t\t\t\t<div class=\"elementor-button-wrapper\">\n\t\t\t\t\t<a class=\"elementor-button elementor-button-link elementor-size-sm\" href=\"https:\/\/3dental.ch\/contatti\/\">\n\t\t\t\t\t\t<span class=\"elementor-button-content-wrapper\">\n\t\t\t\t\t\t\t\t\t<span class=\"elementor-button-text\">R\u00e9server une consultation<\/span>\n\t\t\t\t\t<\/span>\n\t\t\t\t\t<\/a>\n\t\t\t\t<\/div>\n\t\t\t\t\t\t\t\t<\/div>\n\t\t\t\t<\/div>\n\t\t\t\t\t<\/div>\n\t\t<\/div>\n\t\t\t\t\t<\/div>\n\t\t<\/section>\n\t\t\t\t<\/div>\n\t\t","protected":false},"excerpt":{"rendered":"<p>Cad-Cam e d\u00e9partement CAD-CAM fait de la compatibilit\u00e9 son point d&rsquo;excellence. Gr\u00e2ce aux processus de fraisage et \u00e0 l&rsquo;utilisation des technologies CAD-CAM, il est possible de produire des composants semi-finis pour le secteur dentaire dans diff\u00e9rents types de mat\u00e9riaux. Le processus de production comprend le scannage et la num\u00e9risation du mod\u00e8le, la v\u00e9rification de la [&hellip;]<\/p>\n","protected":false},"author":13,"featured_media":0,"parent":550,"menu_order":0,"comment_status":"closed","ping_status":"open","template":"elementor_header_footer","meta":{"_seopress_robots_primary_cat":"","_seopress_titles_title":"","_seopress_titles_desc":"","_seopress_robots_index":"","footnotes":""},"class_list":["post-541","page","type-page","status-publish","hentry"],"_links":{"self":[{"href":"https:\/\/3dental.ch\/fr\/wp-json\/wp\/v2\/pages\/541","targetHints":{"allow":["GET"]}}],"collection":[{"href":"https:\/\/3dental.ch\/fr\/wp-json\/wp\/v2\/pages"}],"about":[{"href":"https:\/\/3dental.ch\/fr\/wp-json\/wp\/v2\/types\/page"}],"author":[{"embeddable":true,"href":"https:\/\/3dental.ch\/fr\/wp-json\/wp\/v2\/users\/13"}],"replies":[{"embeddable":true,"href":"https:\/\/3dental.ch\/fr\/wp-json\/wp\/v2\/comments?post=541"}],"version-history":[{"count":0,"href":"https:\/\/3dental.ch\/fr\/wp-json\/wp\/v2\/pages\/541\/revisions"}],"up":[{"embeddable":true,"href":"https:\/\/3dental.ch\/fr\/wp-json\/wp\/v2\/pages\/550"}],"wp:attachment":[{"href":"https:\/\/3dental.ch\/fr\/wp-json\/wp\/v2\/media?parent=541"}],"curies":[{"name":"wp","href":"https:\/\/api.w.org\/{rel}","templated":true}]}}