{"id":560,"date":"2023-07-20T14:19:57","date_gmt":"2023-07-20T12:19:57","guid":{"rendered":"https:\/\/ticinoweb02.jcloud.ik-server.com\/3dental\/services\/orthodontie\/"},"modified":"2023-07-20T16:06:09","modified_gmt":"2023-07-20T14:06:09","slug":"orthodontie","status":"publish","type":"page","link":"https:\/\/3dental.ch\/fr\/services\/orthodontie\/","title":{"rendered":"Orthodontie"},"content":{"rendered":"\t\t<div data-elementor-type=\"wp-page\" data-elementor-id=\"560\" class=\"elementor elementor-560 elementor-146\" data-elementor-post-type=\"page\">\n\t\t\t\t\t\t<section class=\"elementor-section elementor-top-section elementor-element elementor-element-3cc112b animated-slow elementor-section-boxed elementor-section-height-default elementor-section-height-default elementor-invisible\" data-id=\"3cc112b\" data-element_type=\"section\" data-e-type=\"section\" data-settings=\"{&quot;background_background&quot;:&quot;classic&quot;,&quot;animation&quot;:&quot;fadeIn&quot;,&quot;background_motion_fx_motion_fx_scrolling&quot;:&quot;yes&quot;,&quot;background_motion_fx_scale_effect&quot;:&quot;yes&quot;,&quot;background_motion_fx_scale_speed&quot;:{&quot;unit&quot;:&quot;px&quot;,&quot;size&quot;:2,&quot;sizes&quot;:[]},&quot;background_motion_fx_scale_range&quot;:{&quot;unit&quot;:&quot;%&quot;,&quot;size&quot;:&quot;&quot;,&quot;sizes&quot;:{&quot;start&quot;:67,&quot;end&quot;:100}},&quot;background_motion_fx_scale_direction&quot;:&quot;out-in&quot;,&quot;background_motion_fx_devices&quot;:[&quot;desktop&quot;,&quot;tablet&quot;,&quot;mobile&quot;]}\">\n\t\t\t\t\t\t\t<div class=\"elementor-background-overlay\"><\/div>\n\t\t\t\t\t\t\t<div class=\"elementor-container elementor-column-gap-default\">\n\t\t\t\t\t<div class=\"elementor-column elementor-col-100 elementor-top-column elementor-element elementor-element-862ec22\" data-id=\"862ec22\" data-element_type=\"column\" data-e-type=\"column\">\n\t\t\t<div class=\"elementor-widget-wrap elementor-element-populated\">\n\t\t\t\t\t\t\t<\/div>\n\t\t<\/div>\n\t\t\t\t\t<\/div>\n\t\t<\/section>\n\t\t\t\t<section class=\"elementor-section elementor-top-section elementor-element elementor-element-d6fbc32 elementor-section-boxed elementor-section-height-default elementor-section-height-default\" data-id=\"d6fbc32\" data-element_type=\"section\" data-e-type=\"section\">\n\t\t\t\t\t\t<div class=\"elementor-container elementor-column-gap-default\">\n\t\t\t\t\t<div class=\"elementor-column elementor-col-50 elementor-top-column elementor-element elementor-element-e59bd87\" data-id=\"e59bd87\" data-element_type=\"column\" data-e-type=\"column\">\n\t\t\t<div class=\"elementor-widget-wrap elementor-element-populated\">\n\t\t\t\t\t\t<div class=\"elementor-element elementor-element-b167119 elementor-widget elementor-widget-heading\" data-id=\"b167119\" data-element_type=\"widget\" data-e-type=\"widget\" data-widget_type=\"heading.default\">\n\t\t\t\t<div class=\"elementor-widget-container\">\n\t\t\t\t\t<h2 class=\"elementor-heading-title elementor-size-default\">Orthodontie\n<\/h2>\t\t\t\t<\/div>\n\t\t\t\t<\/div>\n\t\t\t\t<div class=\"elementor-element elementor-element-4e1558f elementor-invisible elementor-widget elementor-widget-text-editor\" data-id=\"4e1558f\" data-element_type=\"widget\" data-e-type=\"widget\" data-settings=\"{&quot;_animation&quot;:&quot;fadeIn&quot;,&quot;_animation_delay&quot;:50}\" data-widget_type=\"text-editor.default\">\n\t\t\t\t<div class=\"elementor-widget-container\">\n\t\t\t\t\t\t\t\t\t<div id=\"comp-kc4w105t\" class=\"BaOVQ8 tz5f0K comp-kc4w105t wixui-rich-text\" data-testid=\"richTextElement\">\n<div id=\"comp-kc4w105t\" class=\"BaOVQ8 tz5f0K comp-kc4w105t wixui-rich-text\" data-testid=\"richTextElement\">\n<p class=\"font_8 wixui-rich-text__text\"><span class=\"wixui-rich-text__text\">Le laboratoire 3D Dental Project con\u00e7oit et fabrique des dispositifs orthodontiques pour r\u00e9pondre aux multiples besoins des m\u00e9decins, gr\u00e2ce \u00e0 une connaissance approfondie du sujet, acquise au fil des ann\u00e9es de pratique, de cours, de mises \u00e0 jour et de collaborations.<\/span><\/p>\n<p class=\"font_8 wixui-rich-text__text\"><span class=\"wixui-rich-text__text\">L&rsquo;attention et la pr\u00e9cision apport\u00e9es aux cas individuels et l&rsquo;\u00e9troite collaboration avec la clinique dentaire permettent de concevoir et de r\u00e9aliser des artefacts orthodontiques pr\u00e9cis et fiables. Les mat\u00e9riaux utilis\u00e9s sont les meilleurs du march\u00e9 et proviennent des meilleurs fournisseurs.  <\/span><\/p>\n<p class=\"font_8 wixui-rich-text__text\"><span class=\"wixui-rich-text__text\">Le laboratoire de projet de 3D Dental est une garantie de qualit\u00e9 absolue.<\/span><\/p>\n<\/div>\n<\/div>\n\t\t\t\t\t\t\t\t<\/div>\n\t\t\t\t<\/div>\n\t\t\t\t\t<\/div>\n\t\t<\/div>\n\t\t\t\t<div class=\"elementor-column elementor-col-50 elementor-top-column elementor-element elementor-element-aeca260\" data-id=\"aeca260\" data-element_type=\"column\" data-e-type=\"column\">\n\t\t\t<div class=\"elementor-widget-wrap elementor-element-populated\">\n\t\t\t\t\t\t<div class=\"elementor-element elementor-element-e9728e1 elementor-widget elementor-widget-image\" data-id=\"e9728e1\" data-element_type=\"widget\" data-e-type=\"widget\" data-widget_type=\"image.default\">\n\t\t\t\t<div class=\"elementor-widget-container\">\n\t\t\t\t\t\t\t\t\t\t\t\t\t\t\t<img fetchpriority=\"high\" decoding=\"async\" width=\"800\" height=\"817\" src=\"https:\/\/3dental.ch\/wp-content\/uploads\/sites\/110\/2023\/07\/orto_a.webp\" class=\"attachment-large size-large wp-image-406\" alt=\"\" srcset=\"https:\/\/3dental.ch\/wp-content\/uploads\/sites\/110\/2023\/07\/orto_a.webp 842w, https:\/\/3dental.ch\/wp-content\/uploads\/sites\/110\/2023\/07\/orto_a-294x300.webp 294w, https:\/\/3dental.ch\/wp-content\/uploads\/sites\/110\/2023\/07\/orto_a-768x784.webp 768w\" sizes=\"(max-width: 800px) 100vw, 800px\" \/>\t\t\t\t\t\t\t\t\t\t\t\t\t\t\t<\/div>\n\t\t\t\t<\/div>\n\t\t\t\t\t<\/div>\n\t\t<\/div>\n\t\t\t\t\t<\/div>\n\t\t<\/section>\n\t\t\t\t<section class=\"elementor-section elementor-top-section elementor-element elementor-element-ed3bccb elementor-section-boxed elementor-section-height-default elementor-section-height-default\" data-id=\"ed3bccb\" data-element_type=\"section\" data-e-type=\"section\" data-settings=\"{&quot;background_background&quot;:&quot;classic&quot;}\">\n\t\t\t\t\t\t<div class=\"elementor-container elementor-column-gap-default\">\n\t\t\t\t\t<div class=\"elementor-column elementor-col-50 elementor-top-column elementor-element elementor-element-500ec95\" data-id=\"500ec95\" data-element_type=\"column\" data-e-type=\"column\">\n\t\t\t<div class=\"elementor-widget-wrap elementor-element-populated\">\n\t\t\t\t\t\t<div class=\"elementor-element elementor-element-2060bb3 elementor-widget elementor-widget-image\" data-id=\"2060bb3\" data-element_type=\"widget\" data-e-type=\"widget\" data-widget_type=\"image.default\">\n\t\t\t\t<div class=\"elementor-widget-container\">\n\t\t\t\t\t\t\t\t\t\t\t\t\t\t\t<img decoding=\"async\" width=\"790\" height=\"850\" src=\"https:\/\/3dental.ch\/wp-content\/uploads\/sites\/110\/2023\/07\/orto_b.webp\" class=\"attachment-full size-full wp-image-409\" alt=\"\" srcset=\"https:\/\/3dental.ch\/wp-content\/uploads\/sites\/110\/2023\/07\/orto_b.webp 790w, https:\/\/3dental.ch\/wp-content\/uploads\/sites\/110\/2023\/07\/orto_b-279x300.webp 279w, https:\/\/3dental.ch\/wp-content\/uploads\/sites\/110\/2023\/07\/orto_b-768x826.webp 768w\" sizes=\"(max-width: 790px) 100vw, 790px\" \/>\t\t\t\t\t\t\t\t\t\t\t\t\t\t\t<\/div>\n\t\t\t\t<\/div>\n\t\t\t\t\t<\/div>\n\t\t<\/div>\n\t\t\t\t<div class=\"elementor-column elementor-col-50 elementor-top-column elementor-element elementor-element-a9592bb\" data-id=\"a9592bb\" data-element_type=\"column\" data-e-type=\"column\">\n\t\t\t<div class=\"elementor-widget-wrap elementor-element-populated\">\n\t\t\t\t\t\t<div class=\"elementor-element elementor-element-9038ee3 elementor-widget elementor-widget-heading\" data-id=\"9038ee3\" data-element_type=\"widget\" data-e-type=\"widget\" data-widget_type=\"heading.default\">\n\t\t\t\t<div class=\"elementor-widget-container\">\n\t\t\t\t\t<h2 class=\"elementor-heading-title elementor-size-default\">Invisible<\/h2>\t\t\t\t<\/div>\n\t\t\t\t<\/div>\n\t\t\t\t<div class=\"elementor-element elementor-element-39bebf6 elementor-widget__width-inherit elementor-invisible elementor-widget elementor-widget-text-editor\" data-id=\"39bebf6\" data-element_type=\"widget\" data-e-type=\"widget\" data-settings=\"{&quot;_animation&quot;:&quot;fadeIn&quot;,&quot;_animation_delay&quot;:100}\" data-widget_type=\"text-editor.default\">\n\t\t\t\t<div class=\"elementor-widget-container\">\n\t\t\t\t\t\t\t\t\t<p class=\"font_8 wixui-rich-text__text\"><span class=\"wixui-rich-text__text\">Si vous \u00eates pr\u00eat \u00e0 sourire, vous \u00eates pr\u00eat pour le syst\u00e8me d&rsquo;alignement le plus avanc\u00e9 du march\u00e9.  <\/span><span class=\"wixui-rich-text__text\">Sa technologie internationale Full Digital est sans compromis et ses qualit\u00e9s parlent d&rsquo;elles-m\u00eames :<\/span><\/p>\n<p class=\"font_8 wixui-rich-text__text\"><strong>Pratiquement invisible<\/strong><br \/>de communiquer avec assurance et de rire avec insouciance<\/p>\n<p><strong>Vraiment confortable :<br \/><\/strong><span class=\"wixui-rich-text__text\">l&rsquo;aligneur sur mesure, agr\u00e9able au toucher, tr\u00e8s fin <\/span><span class=\"wixui-rich-text__text\">et compl\u00e8tement lisse, sans crochets m\u00e9talliques<\/span><\/p>\n<p class=\"font_8 wixui-rich-text__text\"><strong><br \/>\n  <span class=\"wixui-rich-text__text\">Facilement amovible<br \/><\/span><br \/>\n<\/strong><span class=\"wixui-rich-text__text\">peut \u00eatre enlev\u00e9 et port\u00e9 \u00e0 nouveau \u00e0 tout moment, avec une grande facilit\u00e9 <\/span><span class=\"wixui-rich-text__text\">et en toute simplicit\u00e9<\/span><\/p>\n<p class=\"font_8 wixui-rich-text__text\"><strong><br \/>\n  <span class=\"wixui-rich-text__text\">Une hygi\u00e8ne absolue<br \/><\/span><br \/>\n<\/strong><span class=\"wixui-rich-text__text\">le nettoyage se fait comme vous l&rsquo;avez toujours fait, avec une brosse \u00e0 dents, du dentifrice <\/span><span class=\"wixui-rich-text__text\">et les d\u00e9tergents recommand\u00e9s<\/span><\/p>\n<p class=\"font_8 wixui-rich-text__text\"><strong><br \/>\n  <span class=\"wixui-rich-text__text\">Tr\u00e8s efficace<br \/><\/span><br \/>\n<\/strong><span class=\"wixui-rich-text__text\">le traitement permet d&rsquo;obtenir des r\u00e9sultats optimaux et pr\u00e9cis, dans un d\u00e9lai d\u00e9fini et pr\u00e9visible<\/span><\/p>\n\t\t\t\t\t\t\t\t<\/div>\n\t\t\t\t<\/div>\n\t\t\t\t\t<\/div>\n\t\t<\/div>\n\t\t\t\t\t<\/div>\n\t\t<\/section>\n\t\t\t\t<section class=\"elementor-section elementor-top-section elementor-element elementor-element-96ea3da elementor-section-boxed elementor-section-height-default elementor-section-height-default\" data-id=\"96ea3da\" data-element_type=\"section\" data-e-type=\"section\">\n\t\t\t\t\t\t<div class=\"elementor-container elementor-column-gap-default\">\n\t\t\t\t\t<div class=\"elementor-column elementor-col-50 elementor-top-column elementor-element elementor-element-748b9ab\" data-id=\"748b9ab\" data-element_type=\"column\" data-e-type=\"column\">\n\t\t\t<div class=\"elementor-widget-wrap elementor-element-populated\">\n\t\t\t\t\t\t<div class=\"elementor-element elementor-element-b78b32a elementor-widget elementor-widget-heading\" data-id=\"b78b32a\" data-element_type=\"widget\" data-e-type=\"widget\" data-widget_type=\"heading.default\">\n\t\t\t\t<div class=\"elementor-widget-container\">\n\t\t\t\t\t<h2 class=\"elementor-heading-title elementor-size-default\">Fixe et mobile\n<\/h2>\t\t\t\t<\/div>\n\t\t\t\t<\/div>\n\t\t\t\t<div class=\"elementor-element elementor-element-e9954c5 elementor-invisible elementor-widget elementor-widget-text-editor\" data-id=\"e9954c5\" data-element_type=\"widget\" data-e-type=\"widget\" data-settings=\"{&quot;_animation&quot;:&quot;fadeIn&quot;,&quot;_animation_delay&quot;:50}\" data-widget_type=\"text-editor.default\">\n\t\t\t\t<div class=\"elementor-widget-container\">\n\t\t\t\t\t\t\t\t\t<div id=\"comp-kc4w105t\" class=\"BaOVQ8 tz5f0K comp-kc4w105t wixui-rich-text\" data-testid=\"richTextElement\">\n<div id=\"comp-kc4w105t\" class=\"BaOVQ8 tz5f0K comp-kc4w105t wixui-rich-text\" data-testid=\"richTextElement\">\n<p class=\"font_8 wixui-rich-text__text\"><span class=\"wixui-rich-text__text\">Les appareils orthodontiques modernes corrigent parfaitement les malocclusions et am\u00e9liorent en m\u00eame temps le sourire de mani\u00e8re discr\u00e8te et efficace. <\/span><span class=\"wixui-rich-text__text\">am\u00e9liorent le sourire de mani\u00e8re discr\u00e8te mais efficace.<br class=\"wixui-rich-text__text\">Les appareils d&rsquo;orthodontie fixe et mobile sont fabriqu\u00e9s dans le laboratoire de 3D Dental Project, <\/span><span class=\"wixui-rich-text__text\">\u00e0 la recherche du produit parfait pour la bouche du patient.<br \/><\/span><span class=\"wixui-rich-text__text\">Le laboratoire d&rsquo;orthodontie est sp\u00e9cialis\u00e9 dans la production de dispositifs orthodontiques fixes et amovibles. Certains dispositifs sont soud\u00e9s \u00e0 l&rsquo;aide de la technologie laser et, en raison de sa grande biotol\u00e9rance, le patient n&rsquo;est pas confront\u00e9 \u00e0 des probl\u00e8mes de corrosion,  <\/span><span class=\"wixui-rich-text__text\">caus\u00e9e par le bim\u00e9tallisme du soudage traditionnel \u00e0 la brasure.<br \/><\/span><span class=\"wixui-rich-text__text\">Sur demande, nous pouvons personnaliser les plaques avec les couleurs choisies par le patient.<br \/><\/span><span class=\"wixui-rich-text__text\">L&rsquo;attention et la pr\u00e9cision apport\u00e9es aux cas individuels et l&rsquo;\u00e9troite collaboration avec la clinique dentaire permettent de concevoir et de r\u00e9aliser des artefacts orthodontiques pr\u00e9cis et fiables. Les mat\u00e9riaux utilis\u00e9s sont les meilleurs du march\u00e9 et proviennent des meilleurs fournisseurs.<br \/><\/span><span class=\"wixui-rich-text__text\">Le laboratoire de projet de 3D Dental est une garantie de qualit\u00e9 absolue.<\/span><\/p>\n<\/div>\n<\/div>\n\t\t\t\t\t\t\t\t<\/div>\n\t\t\t\t<\/div>\n\t\t\t\t\t<\/div>\n\t\t<\/div>\n\t\t\t\t<div class=\"elementor-column elementor-col-50 elementor-top-column elementor-element elementor-element-b6352bd\" data-id=\"b6352bd\" data-element_type=\"column\" data-e-type=\"column\">\n\t\t\t<div class=\"elementor-widget-wrap elementor-element-populated\">\n\t\t\t\t\t\t<div class=\"elementor-element elementor-element-3ee20cc elementor-widget elementor-widget-image\" data-id=\"3ee20cc\" data-element_type=\"widget\" data-e-type=\"widget\" data-widget_type=\"image.default\">\n\t\t\t\t<div class=\"elementor-widget-container\">\n\t\t\t\t\t\t\t\t\t\t\t\t\t\t\t<img decoding=\"async\" width=\"800\" height=\"530\" src=\"https:\/\/3dental.ch\/wp-content\/uploads\/sites\/110\/2023\/07\/FISSO-1-1024x679.webp\" class=\"attachment-large size-large wp-image-412\" alt=\"\" srcset=\"https:\/\/3dental.ch\/wp-content\/uploads\/sites\/110\/2023\/07\/FISSO-1-1024x679.webp 1024w, https:\/\/3dental.ch\/wp-content\/uploads\/sites\/110\/2023\/07\/FISSO-1-300x199.webp 300w, https:\/\/3dental.ch\/wp-content\/uploads\/sites\/110\/2023\/07\/FISSO-1-768x509.webp 768w, https:\/\/3dental.ch\/wp-content\/uploads\/sites\/110\/2023\/07\/FISSO-1-1536x1018.webp 1536w, https:\/\/3dental.ch\/wp-content\/uploads\/sites\/110\/2023\/07\/FISSO-1.webp 1840w\" sizes=\"(max-width: 800px) 100vw, 800px\" \/>\t\t\t\t\t\t\t\t\t\t\t\t\t\t\t<\/div>\n\t\t\t\t<\/div>\n\t\t\t\t<div class=\"elementor-element elementor-element-7fe11f4 elementor-widget elementor-widget-image\" data-id=\"7fe11f4\" data-element_type=\"widget\" data-e-type=\"widget\" data-widget_type=\"image.default\">\n\t\t\t\t<div class=\"elementor-widget-container\">\n\t\t\t\t\t\t\t\t\t\t\t\t\t\t\t<img loading=\"lazy\" decoding=\"async\" width=\"800\" height=\"539\" src=\"https:\/\/3dental.ch\/wp-content\/uploads\/sites\/110\/2023\/07\/MOBILE-1024x690.webp\" class=\"attachment-large size-large wp-image-415\" alt=\"\" srcset=\"https:\/\/3dental.ch\/wp-content\/uploads\/sites\/110\/2023\/07\/MOBILE-1024x690.webp 1024w, https:\/\/3dental.ch\/wp-content\/uploads\/sites\/110\/2023\/07\/MOBILE-300x202.webp 300w, https:\/\/3dental.ch\/wp-content\/uploads\/sites\/110\/2023\/07\/MOBILE-768x518.webp 768w, https:\/\/3dental.ch\/wp-content\/uploads\/sites\/110\/2023\/07\/MOBILE-1536x1035.webp 1536w, https:\/\/3dental.ch\/wp-content\/uploads\/sites\/110\/2023\/07\/MOBILE.webp 1840w\" sizes=\"(max-width: 800px) 100vw, 800px\" \/>\t\t\t\t\t\t\t\t\t\t\t\t\t\t\t<\/div>\n\t\t\t\t<\/div>\n\t\t\t\t\t<\/div>\n\t\t<\/div>\n\t\t\t\t\t<\/div>\n\t\t<\/section>\n\t\t\t\t<section class=\"elementor-section elementor-top-section elementor-element elementor-element-21ae8a99 elementor-section-boxed elementor-section-height-default elementor-section-height-default\" data-id=\"21ae8a99\" data-element_type=\"section\" data-e-type=\"section\" data-settings=\"{&quot;background_background&quot;:&quot;classic&quot;}\">\n\t\t\t\t\t\t<div class=\"elementor-container elementor-column-gap-default\">\n\t\t\t\t\t<div class=\"elementor-column elementor-col-100 elementor-top-column elementor-element elementor-element-1597c6d2\" data-id=\"1597c6d2\" data-element_type=\"column\" data-e-type=\"column\">\n\t\t\t<div class=\"elementor-widget-wrap elementor-element-populated\">\n\t\t\t\t\t\t<div class=\"elementor-element elementor-element-426dc9d0 elementor-invisible elementor-widget elementor-widget-heading\" data-id=\"426dc9d0\" data-element_type=\"widget\" data-e-type=\"widget\" data-settings=\"{&quot;_animation&quot;:&quot;fadeInUp&quot;}\" data-widget_type=\"heading.default\">\n\t\t\t\t<div class=\"elementor-widget-container\">\n\t\t\t\t\t<h2 class=\"elementor-heading-title elementor-size-default\">Laboratoire dentaire<\/h2>\t\t\t\t<\/div>\n\t\t\t\t<\/div>\n\t\t\t\t<div class=\"elementor-element elementor-element-628a0e58 elementor-invisible elementor-widget elementor-widget-text-editor\" data-id=\"628a0e58\" data-element_type=\"widget\" data-e-type=\"widget\" data-settings=\"{&quot;_animation&quot;:&quot;fadeInUp&quot;,&quot;_animation_delay&quot;:100}\" data-widget_type=\"text-editor.default\">\n\t\t\t\t<div class=\"elementor-widget-container\">\n\t\t\t\t\t\t\t\t\t<p>Sp\u00e9cialis\u00e9 en proth\u00e8ses dentaires, orthodontie, photographie dentaire<\/p>\n\t\t\t\t\t\t\t\t<\/div>\n\t\t\t\t<\/div>\n\t\t\t\t<div class=\"elementor-element elementor-element-7caff6 elementor-align-center animated-slow elementor-invisible elementor-widget elementor-widget-button\" data-id=\"7caff6\" data-element_type=\"widget\" data-e-type=\"widget\" data-settings=\"{&quot;_animation&quot;:&quot;fadeInUp&quot;,&quot;_animation_delay&quot;:200}\" data-widget_type=\"button.default\">\n\t\t\t\t<div class=\"elementor-widget-container\">\n\t\t\t\t\t\t\t\t\t<div class=\"elementor-button-wrapper\">\n\t\t\t\t\t<a class=\"elementor-button elementor-button-link elementor-size-sm\" href=\"https:\/\/3dental.ch\/contatti\/\">\n\t\t\t\t\t\t<span class=\"elementor-button-content-wrapper\">\n\t\t\t\t\t\t\t\t\t<span class=\"elementor-button-text\">R\u00e9server une consultation<\/span>\n\t\t\t\t\t<\/span>\n\t\t\t\t\t<\/a>\n\t\t\t\t<\/div>\n\t\t\t\t\t\t\t\t<\/div>\n\t\t\t\t<\/div>\n\t\t\t\t\t<\/div>\n\t\t<\/div>\n\t\t\t\t\t<\/div>\n\t\t<\/section>\n\t\t\t\t<\/div>\n\t\t","protected":false},"excerpt":{"rendered":"<p>Orthodontie Le laboratoire 3D Dental Project con\u00e7oit et fabrique des dispositifs orthodontiques pour r\u00e9pondre aux multiples besoins des m\u00e9decins, gr\u00e2ce \u00e0 une connaissance approfondie du sujet, acquise au fil des ann\u00e9es de pratique, de cours, de mises \u00e0 jour et de collaborations. L&rsquo;attention et la pr\u00e9cision apport\u00e9es aux cas individuels et l&rsquo;\u00e9troite collaboration avec la [&hellip;]<\/p>\n","protected":false},"author":13,"featured_media":0,"parent":550,"menu_order":0,"comment_status":"closed","ping_status":"open","template":"elementor_header_footer","meta":{"_seopress_robots_primary_cat":"","_seopress_titles_title":"","_seopress_titles_desc":"","_seopress_robots_index":"","footnotes":""},"class_list":["post-560","page","type-page","status-publish","hentry"],"_links":{"self":[{"href":"https:\/\/3dental.ch\/fr\/wp-json\/wp\/v2\/pages\/560","targetHints":{"allow":["GET"]}}],"collection":[{"href":"https:\/\/3dental.ch\/fr\/wp-json\/wp\/v2\/pages"}],"about":[{"href":"https:\/\/3dental.ch\/fr\/wp-json\/wp\/v2\/types\/page"}],"author":[{"embeddable":true,"href":"https:\/\/3dental.ch\/fr\/wp-json\/wp\/v2\/users\/13"}],"replies":[{"embeddable":true,"href":"https:\/\/3dental.ch\/fr\/wp-json\/wp\/v2\/comments?post=560"}],"version-history":[{"count":0,"href":"https:\/\/3dental.ch\/fr\/wp-json\/wp\/v2\/pages\/560\/revisions"}],"up":[{"embeddable":true,"href":"https:\/\/3dental.ch\/fr\/wp-json\/wp\/v2\/pages\/550"}],"wp:attachment":[{"href":"https:\/\/3dental.ch\/fr\/wp-json\/wp\/v2\/media?parent=560"}],"curies":[{"name":"wp","href":"https:\/\/api.w.org\/{rel}","templated":true}]}}