{"id":683,"date":"2023-07-20T16:51:29","date_gmt":"2023-07-20T14:51:29","guid":{"rendered":"https:\/\/ticinoweb02.jcloud.ik-server.com\/3dental\/photographie-dentaire\/"},"modified":"2023-07-20T16:55:50","modified_gmt":"2023-07-20T14:55:50","slug":"photographie-dentaire","status":"publish","type":"page","link":"https:\/\/3dental.ch\/fr\/photographie-dentaire\/","title":{"rendered":"Photographie dentaire"},"content":{"rendered":"\t\t<div data-elementor-type=\"wp-page\" data-elementor-id=\"683\" class=\"elementor elementor-683 elementor-607\" data-elementor-post-type=\"page\">\n\t\t\t\t\t\t<section class=\"elementor-section elementor-top-section elementor-element elementor-element-72a5607d animated-slow elementor-section-boxed elementor-section-height-default elementor-section-height-default elementor-invisible\" data-id=\"72a5607d\" data-element_type=\"section\" data-e-type=\"section\" data-settings=\"{&quot;background_background&quot;:&quot;classic&quot;,&quot;animation&quot;:&quot;fadeIn&quot;,&quot;background_motion_fx_motion_fx_scrolling&quot;:&quot;yes&quot;,&quot;background_motion_fx_scale_effect&quot;:&quot;yes&quot;,&quot;background_motion_fx_scale_speed&quot;:{&quot;unit&quot;:&quot;px&quot;,&quot;size&quot;:2,&quot;sizes&quot;:[]},&quot;background_motion_fx_scale_range&quot;:{&quot;unit&quot;:&quot;%&quot;,&quot;size&quot;:&quot;&quot;,&quot;sizes&quot;:{&quot;start&quot;:67,&quot;end&quot;:100}},&quot;background_motion_fx_scale_direction&quot;:&quot;out-in&quot;,&quot;background_motion_fx_devices&quot;:[&quot;desktop&quot;,&quot;tablet&quot;,&quot;mobile&quot;]}\">\n\t\t\t\t\t\t\t<div class=\"elementor-background-overlay\"><\/div>\n\t\t\t\t\t\t\t<div class=\"elementor-container elementor-column-gap-default\">\n\t\t\t\t\t<div class=\"elementor-column elementor-col-100 elementor-top-column elementor-element elementor-element-47cb9eaa\" data-id=\"47cb9eaa\" data-element_type=\"column\" data-e-type=\"column\">\n\t\t\t<div class=\"elementor-widget-wrap elementor-element-populated\">\n\t\t\t\t\t\t\t<\/div>\n\t\t<\/div>\n\t\t\t\t\t<\/div>\n\t\t<\/section>\n\t\t\t\t<section class=\"elementor-section elementor-top-section elementor-element elementor-element-396cf30 elementor-section-boxed elementor-section-height-default elementor-section-height-default\" data-id=\"396cf30\" data-element_type=\"section\" data-e-type=\"section\">\n\t\t\t\t\t\t<div class=\"elementor-container elementor-column-gap-default\">\n\t\t\t\t\t<div class=\"elementor-column elementor-col-50 elementor-top-column elementor-element elementor-element-8efb87e\" data-id=\"8efb87e\" data-element_type=\"column\" data-e-type=\"column\">\n\t\t\t<div class=\"elementor-widget-wrap elementor-element-populated\">\n\t\t\t\t\t\t<div class=\"elementor-element elementor-element-fec0449 elementor-invisible elementor-widget elementor-widget-text-editor\" data-id=\"fec0449\" data-element_type=\"widget\" data-e-type=\"widget\" data-settings=\"{&quot;_animation&quot;:&quot;fadeIn&quot;,&quot;_animation_delay&quot;:50}\" data-widget_type=\"text-editor.default\">\n\t\t\t\t<div class=\"elementor-widget-container\">\n\t\t\t\t\t\t\t\t\t<div id=\"comp-kc4w105t\" class=\"BaOVQ8 tz5f0K comp-kc4w105t wixui-rich-text\" data-testid=\"richTextElement\">\n<div id=\"comp-kc4w105t\" class=\"BaOVQ8 tz5f0K comp-kc4w105t wixui-rich-text\" data-testid=\"richTextElement\">\n<p class=\"font_7 wixui-rich-text__text\"><span class=\"wixui-rich-text__text\">Combien de fois avez-vous parl\u00e9  <\/span><span class=\"wixui-rich-text__text\">d&rsquo;un bon travail \u00e0 un coll\u00e8gue et ne pas pouvoir montrer une photo, le documenter ?  <br \/>\u00c0 l&rsquo;\u00e8re de la communication, il est essentiel d&rsquo;apprendre \u00e0 composer un puzzle de photos, qui permet d&rsquo;identifier vos comp\u00e9tences, votre pr\u00e9paration. L&rsquo;importance des photos pour la diffusion, le diagnostic, la comparaison des soins \u00ab\u00a0avant\u00a0\u00bb et \u00ab\u00a0apr\u00e8s\u00a0\u00bb. ,  <\/span><span class=\"wixui-rich-text__text\">afin d&rsquo;am\u00e9liorer votre profession.<br \/><\/span><span class=\"wixui-rich-text__text\">Le moment est venu de faire les premiers pas vers la \u00ab\u00a0gestion des photos\u00a0\u00bb dans la dentisterie moderne. <\/span><span class=\"wixui-rich-text__text\">de la dentisterie moderne.<\/span><\/p>\n<\/div>\n<\/div>\n\t\t\t\t\t\t\t\t<\/div>\n\t\t\t\t<\/div>\n\t\t\t\t\t<\/div>\n\t\t<\/div>\n\t\t\t\t<div class=\"elementor-column elementor-col-50 elementor-top-column elementor-element elementor-element-f3a11b0\" data-id=\"f3a11b0\" data-element_type=\"column\" data-e-type=\"column\">\n\t\t\t<div class=\"elementor-widget-wrap elementor-element-populated\">\n\t\t\t\t\t\t<div class=\"elementor-element elementor-element-ebd1b7c elementor-widget elementor-widget-gallery\" data-id=\"ebd1b7c\" data-element_type=\"widget\" data-e-type=\"widget\" data-settings=\"{&quot;columns&quot;:3,&quot;aspect_ratio&quot;:&quot;1:1&quot;,&quot;lazyload&quot;:&quot;yes&quot;,&quot;gallery_layout&quot;:&quot;grid&quot;,&quot;columns_tablet&quot;:2,&quot;columns_mobile&quot;:1,&quot;gap&quot;:{&quot;unit&quot;:&quot;px&quot;,&quot;size&quot;:10,&quot;sizes&quot;:[]},&quot;gap_tablet&quot;:{&quot;unit&quot;:&quot;px&quot;,&quot;size&quot;:10,&quot;sizes&quot;:[]},&quot;gap_mobile&quot;:{&quot;unit&quot;:&quot;px&quot;,&quot;size&quot;:10,&quot;sizes&quot;:[]},&quot;link_to&quot;:&quot;file&quot;,&quot;overlay_background&quot;:&quot;yes&quot;,&quot;content_hover_animation&quot;:&quot;fade-in&quot;}\" data-widget_type=\"gallery.default\">\n\t\t\t\t<div class=\"elementor-widget-container\">\n\t\t\t\t\t\t\t<div class=\"elementor-gallery__container\">\n\t\t\t\t\t\t\t<a class=\"e-gallery-item elementor-gallery-item elementor-animated-content\" href=\"https:\/\/3dental.ch\/wp-content\/uploads\/sites\/110\/2023\/07\/mie_002-1.webp\" data-elementor-open-lightbox=\"yes\" data-elementor-lightbox-slideshow=\"ebd1b7c\" data-elementor-lightbox-title=\"mie_002\" data-e-action-hash=\"#elementor-action%3Aaction%3Dlightbox%26settings%3DeyJpZCI6NjM1LCJ1cmwiOiJodHRwczpcL1wvM2RlbnRhbC5jaFwvd3AtY29udGVudFwvdXBsb2Fkc1wvc2l0ZXNcLzExMFwvMjAyM1wvMDdcL21pZV8wMDItMS53ZWJwIiwic2xpZGVzaG93IjoiZWJkMWI3YyJ9\">\n\t\t\t\t\t<div class=\"e-gallery-image elementor-gallery-item__image\" data-thumbnail=\"https:\/\/3dental.ch\/wp-content\/uploads\/sites\/110\/2023\/07\/mie_002-1.webp\" data-width=\"880\" data-height=\"580\" aria-label=\"\" role=\"img\" ><\/div>\n\t\t\t\t\t\t\t\t\t\t\t<div class=\"elementor-gallery-item__overlay\"><\/div>\n\t\t\t\t\t\t\t\t\t\t\t\t\t\t<\/a>\n\t\t\t\t\t\t\t<a class=\"e-gallery-item elementor-gallery-item elementor-animated-content\" href=\"https:\/\/3dental.ch\/wp-content\/uploads\/sites\/110\/2023\/07\/mie_004-1.webp\" data-elementor-open-lightbox=\"yes\" data-elementor-lightbox-slideshow=\"ebd1b7c\" data-elementor-lightbox-title=\"mie_004\" data-e-action-hash=\"#elementor-action%3Aaction%3Dlightbox%26settings%3DeyJpZCI6NjM5LCJ1cmwiOiJodHRwczpcL1wvM2RlbnRhbC5jaFwvd3AtY29udGVudFwvdXBsb2Fkc1wvc2l0ZXNcLzExMFwvMjAyM1wvMDdcL21pZV8wMDQtMS53ZWJwIiwic2xpZGVzaG93IjoiZWJkMWI3YyJ9\">\n\t\t\t\t\t<div class=\"e-gallery-image elementor-gallery-item__image\" data-thumbnail=\"https:\/\/3dental.ch\/wp-content\/uploads\/sites\/110\/2023\/07\/mie_004-1.webp\" data-width=\"880\" data-height=\"580\" aria-label=\"\" role=\"img\" ><\/div>\n\t\t\t\t\t\t\t\t\t\t\t<div class=\"elementor-gallery-item__overlay\"><\/div>\n\t\t\t\t\t\t\t\t\t\t\t\t\t\t<\/a>\n\t\t\t\t\t\t\t<a class=\"e-gallery-item elementor-gallery-item elementor-animated-content\" href=\"https:\/\/3dental.ch\/wp-content\/uploads\/sites\/110\/2023\/07\/mie_003-1.webp\" data-elementor-open-lightbox=\"yes\" data-elementor-lightbox-slideshow=\"ebd1b7c\" data-elementor-lightbox-title=\"mie_003\" data-e-action-hash=\"#elementor-action%3Aaction%3Dlightbox%26settings%3DeyJpZCI6NjQzLCJ1cmwiOiJodHRwczpcL1wvM2RlbnRhbC5jaFwvd3AtY29udGVudFwvdXBsb2Fkc1wvc2l0ZXNcLzExMFwvMjAyM1wvMDdcL21pZV8wMDMtMS53ZWJwIiwic2xpZGVzaG93IjoiZWJkMWI3YyJ9\">\n\t\t\t\t\t<div class=\"e-gallery-image elementor-gallery-item__image\" data-thumbnail=\"https:\/\/3dental.ch\/wp-content\/uploads\/sites\/110\/2023\/07\/mie_003-1.webp\" data-width=\"880\" data-height=\"580\" aria-label=\"\" role=\"img\" ><\/div>\n\t\t\t\t\t\t\t\t\t\t\t<div class=\"elementor-gallery-item__overlay\"><\/div>\n\t\t\t\t\t\t\t\t\t\t\t\t\t\t<\/a>\n\t\t\t\t\t\t\t<a class=\"e-gallery-item elementor-gallery-item elementor-animated-content\" href=\"https:\/\/3dental.ch\/wp-content\/uploads\/sites\/110\/2023\/07\/mie_005-1.webp\" data-elementor-open-lightbox=\"yes\" data-elementor-lightbox-slideshow=\"ebd1b7c\" data-elementor-lightbox-title=\"mie_005\" data-e-action-hash=\"#elementor-action%3Aaction%3Dlightbox%26settings%3DeyJpZCI6NjQ3LCJ1cmwiOiJodHRwczpcL1wvM2RlbnRhbC5jaFwvd3AtY29udGVudFwvdXBsb2Fkc1wvc2l0ZXNcLzExMFwvMjAyM1wvMDdcL21pZV8wMDUtMS53ZWJwIiwic2xpZGVzaG93IjoiZWJkMWI3YyJ9\">\n\t\t\t\t\t<div class=\"e-gallery-image elementor-gallery-item__image\" data-thumbnail=\"https:\/\/3dental.ch\/wp-content\/uploads\/sites\/110\/2023\/07\/mie_005-1.webp\" data-width=\"880\" data-height=\"580\" aria-label=\"\" role=\"img\" ><\/div>\n\t\t\t\t\t\t\t\t\t\t\t<div class=\"elementor-gallery-item__overlay\"><\/div>\n\t\t\t\t\t\t\t\t\t\t\t\t\t\t<\/a>\n\t\t\t\t\t\t\t<a class=\"e-gallery-item elementor-gallery-item elementor-animated-content\" href=\"https:\/\/3dental.ch\/wp-content\/uploads\/sites\/110\/2023\/07\/6-1.webp\" data-elementor-open-lightbox=\"yes\" data-elementor-lightbox-slideshow=\"ebd1b7c\" data-elementor-lightbox-title=\"6\" data-e-action-hash=\"#elementor-action%3Aaction%3Dlightbox%26settings%3DeyJpZCI6NjUxLCJ1cmwiOiJodHRwczpcL1wvM2RlbnRhbC5jaFwvd3AtY29udGVudFwvdXBsb2Fkc1wvc2l0ZXNcLzExMFwvMjAyM1wvMDdcLzYtMS53ZWJwIiwic2xpZGVzaG93IjoiZWJkMWI3YyJ9\">\n\t\t\t\t\t<div class=\"e-gallery-image elementor-gallery-item__image\" data-thumbnail=\"https:\/\/3dental.ch\/wp-content\/uploads\/sites\/110\/2023\/07\/6-1.webp\" data-width=\"880\" data-height=\"580\" aria-label=\"\" role=\"img\" ><\/div>\n\t\t\t\t\t\t\t\t\t\t\t<div class=\"elementor-gallery-item__overlay\"><\/div>\n\t\t\t\t\t\t\t\t\t\t\t\t\t\t<\/a>\n\t\t\t\t\t\t\t<a class=\"e-gallery-item elementor-gallery-item elementor-animated-content\" href=\"https:\/\/3dental.ch\/wp-content\/uploads\/sites\/110\/2023\/07\/mie_009-1.webp\" data-elementor-open-lightbox=\"yes\" data-elementor-lightbox-slideshow=\"ebd1b7c\" data-elementor-lightbox-title=\"mie_009\" data-e-action-hash=\"#elementor-action%3Aaction%3Dlightbox%26settings%3DeyJpZCI6NjU1LCJ1cmwiOiJodHRwczpcL1wvM2RlbnRhbC5jaFwvd3AtY29udGVudFwvdXBsb2Fkc1wvc2l0ZXNcLzExMFwvMjAyM1wvMDdcL21pZV8wMDktMS53ZWJwIiwic2xpZGVzaG93IjoiZWJkMWI3YyJ9\">\n\t\t\t\t\t<div class=\"e-gallery-image elementor-gallery-item__image\" data-thumbnail=\"https:\/\/3dental.ch\/wp-content\/uploads\/sites\/110\/2023\/07\/mie_009-1.webp\" data-width=\"880\" data-height=\"580\" aria-label=\"\" role=\"img\" ><\/div>\n\t\t\t\t\t\t\t\t\t\t\t<div class=\"elementor-gallery-item__overlay\"><\/div>\n\t\t\t\t\t\t\t\t\t\t\t\t\t\t<\/a>\n\t\t\t\t\t<\/div>\n\t\t\t\t\t<\/div>\n\t\t\t\t<\/div>\n\t\t\t\t\t<\/div>\n\t\t<\/div>\n\t\t\t\t\t<\/div>\n\t\t<\/section>\n\t\t\t\t<section class=\"elementor-section elementor-top-section elementor-element elementor-element-8cd0e2e elementor-section-boxed elementor-section-height-default elementor-section-height-default\" data-id=\"8cd0e2e\" data-element_type=\"section\" data-e-type=\"section\" data-settings=\"{&quot;background_background&quot;:&quot;classic&quot;}\">\n\t\t\t\t\t\t<div class=\"elementor-container elementor-column-gap-default\">\n\t\t\t\t\t<div class=\"elementor-column elementor-col-50 elementor-top-column elementor-element elementor-element-dc9ec2e\" data-id=\"dc9ec2e\" data-element_type=\"column\" data-e-type=\"column\">\n\t\t\t<div class=\"elementor-widget-wrap elementor-element-populated\">\n\t\t\t\t\t\t<div class=\"elementor-element elementor-element-a3c3cca elementor-widget elementor-widget-gallery\" data-id=\"a3c3cca\" data-element_type=\"widget\" data-e-type=\"widget\" data-settings=\"{&quot;columns&quot;:2,&quot;aspect_ratio&quot;:&quot;1:1&quot;,&quot;lazyload&quot;:&quot;yes&quot;,&quot;gallery_layout&quot;:&quot;grid&quot;,&quot;columns_tablet&quot;:2,&quot;columns_mobile&quot;:1,&quot;gap&quot;:{&quot;unit&quot;:&quot;px&quot;,&quot;size&quot;:10,&quot;sizes&quot;:[]},&quot;gap_tablet&quot;:{&quot;unit&quot;:&quot;px&quot;,&quot;size&quot;:10,&quot;sizes&quot;:[]},&quot;gap_mobile&quot;:{&quot;unit&quot;:&quot;px&quot;,&quot;size&quot;:10,&quot;sizes&quot;:[]},&quot;link_to&quot;:&quot;file&quot;,&quot;overlay_background&quot;:&quot;yes&quot;,&quot;content_hover_animation&quot;:&quot;fade-in&quot;}\" data-widget_type=\"gallery.default\">\n\t\t\t\t<div class=\"elementor-widget-container\">\n\t\t\t\t\t\t\t<div class=\"elementor-gallery__container\">\n\t\t\t\t\t\t\t<a class=\"e-gallery-item elementor-gallery-item elementor-animated-content\" href=\"https:\/\/3dental.ch\/wp-content\/uploads\/sites\/110\/2023\/07\/3d-dental-project-scaled.webp\" data-elementor-open-lightbox=\"yes\" data-elementor-lightbox-slideshow=\"a3c3cca\" data-elementor-lightbox-title=\"3d dental project\" data-e-action-hash=\"#elementor-action%3Aaction%3Dlightbox%26settings%3DeyJpZCI6NjY2LCJ1cmwiOiJodHRwczpcL1wvM2RlbnRhbC5jaFwvd3AtY29udGVudFwvdXBsb2Fkc1wvc2l0ZXNcLzExMFwvMjAyM1wvMDdcLzNkLWRlbnRhbC1wcm9qZWN0LXNjYWxlZC53ZWJwIiwic2xpZGVzaG93IjoiYTNjM2NjYSJ9\">\n\t\t\t\t\t<div class=\"e-gallery-image elementor-gallery-item__image\" data-thumbnail=\"https:\/\/3dental.ch\/wp-content\/uploads\/sites\/110\/2023\/07\/3d-dental-project-1536x1152.webp\" data-width=\"1536\" data-height=\"1152\" aria-label=\"\" role=\"img\" ><\/div>\n\t\t\t\t\t\t\t\t\t\t\t<div class=\"elementor-gallery-item__overlay\"><\/div>\n\t\t\t\t\t\t\t\t\t\t\t\t\t\t<\/a>\n\t\t\t\t\t\t\t<a class=\"e-gallery-item elementor-gallery-item elementor-animated-content\" href=\"https:\/\/3dental.ch\/wp-content\/uploads\/sites\/110\/2023\/07\/3d-dental-project-1.webp\" data-elementor-open-lightbox=\"yes\" data-elementor-lightbox-slideshow=\"a3c3cca\" data-elementor-lightbox-title=\"3d dental project-1\" data-e-action-hash=\"#elementor-action%3Aaction%3Dlightbox%26settings%3DeyJpZCI6NjcwLCJ1cmwiOiJodHRwczpcL1wvM2RlbnRhbC5jaFwvd3AtY29udGVudFwvdXBsb2Fkc1wvc2l0ZXNcLzExMFwvMjAyM1wvMDdcLzNkLWRlbnRhbC1wcm9qZWN0LTEud2VicCIsInNsaWRlc2hvdyI6ImEzYzNjY2EifQ%3D%3D\">\n\t\t\t\t\t<div class=\"e-gallery-image elementor-gallery-item__image\" data-thumbnail=\"https:\/\/3dental.ch\/wp-content\/uploads\/sites\/110\/2023\/07\/3d-dental-project-1.webp\" data-width=\"620\" data-height=\"460\" aria-label=\"\" role=\"img\" ><\/div>\n\t\t\t\t\t\t\t\t\t\t\t<div class=\"elementor-gallery-item__overlay\"><\/div>\n\t\t\t\t\t\t\t\t\t\t\t\t\t\t<\/a>\n\t\t\t\t\t\t\t<a class=\"e-gallery-item elementor-gallery-item elementor-animated-content\" href=\"https:\/\/3dental.ch\/wp-content\/uploads\/sites\/110\/2023\/07\/IMG_2259.webp\" data-elementor-open-lightbox=\"yes\" data-elementor-lightbox-slideshow=\"a3c3cca\" data-elementor-lightbox-title=\"IMG_2259\" data-e-action-hash=\"#elementor-action%3Aaction%3Dlightbox%26settings%3DeyJpZCI6Njc0LCJ1cmwiOiJodHRwczpcL1wvM2RlbnRhbC5jaFwvd3AtY29udGVudFwvdXBsb2Fkc1wvc2l0ZXNcLzExMFwvMjAyM1wvMDdcL0lNR18yMjU5LndlYnAiLCJzbGlkZXNob3ciOiJhM2MzY2NhIn0%3D\">\n\t\t\t\t\t<div class=\"e-gallery-image elementor-gallery-item__image\" data-thumbnail=\"https:\/\/3dental.ch\/wp-content\/uploads\/sites\/110\/2023\/07\/IMG_2259.webp\" data-width=\"610\" data-height=\"460\" aria-label=\"\" role=\"img\" ><\/div>\n\t\t\t\t\t\t\t\t\t\t\t<div class=\"elementor-gallery-item__overlay\"><\/div>\n\t\t\t\t\t\t\t\t\t\t\t\t\t\t<\/a>\n\t\t\t\t\t<\/div>\n\t\t\t\t\t<\/div>\n\t\t\t\t<\/div>\n\t\t\t\t\t<\/div>\n\t\t<\/div>\n\t\t\t\t<div class=\"elementor-column elementor-col-50 elementor-top-column elementor-element elementor-element-eb0bd77\" data-id=\"eb0bd77\" data-element_type=\"column\" data-e-type=\"column\">\n\t\t\t<div class=\"elementor-widget-wrap elementor-element-populated\">\n\t\t\t\t\t\t<div class=\"elementor-element elementor-element-b54b97a elementor-widget elementor-widget-heading\" data-id=\"b54b97a\" data-element_type=\"widget\" data-e-type=\"widget\" data-widget_type=\"heading.default\">\n\t\t\t\t<div class=\"elementor-widget-container\">\n\t\t\t\t\t<h2 class=\"elementor-heading-title elementor-size-default\">Cours de photographie dentaire\n<\/h2>\t\t\t\t<\/div>\n\t\t\t\t<\/div>\n\t\t\t\t<div class=\"elementor-element elementor-element-5f14a40 elementor-widget__width-inherit elementor-invisible elementor-widget elementor-widget-text-editor\" data-id=\"5f14a40\" data-element_type=\"widget\" data-e-type=\"widget\" data-settings=\"{&quot;_animation&quot;:&quot;fadeIn&quot;,&quot;_animation_delay&quot;:100}\" data-widget_type=\"text-editor.default\">\n\t\t\t\t<div class=\"elementor-widget-container\">\n\t\t\t\t\t\t\t\t\t<div id=\"comp-kk3ymm6h\" class=\"BaOVQ8 tz5f0K comp-kk3ymm6h wixui-rich-text\" data-testid=\"richTextElement\">\n<div id=\"comp-kk3ymm6h\" class=\"BaOVQ8 tz5f0K comp-kk3ymm6h wixui-rich-text\" data-testid=\"richTextElement\">\n<p class=\"font_8 wixui-rich-text__text\"><span class=\"wixui-rich-text__text\">Conna\u00eetre la photographie, en tant que m\u00e9thode universelle de communication, grandir, documenter, comprendre&#8230;<\/span><\/p>\n<p class=\"font_8 wixui-rich-text__text\"><span class=\"wixui-rich-text__text\">\u00c0 l&rsquo;\u00e8re de la communication num\u00e9rique, savoir utiliser un outil utile comme l&rsquo;appareil photo accro\u00eet votre pr\u00e9sence en ligne. <\/span><span class=\"wixui-rich-text__text\">votre pr\u00e9sence en ligne.<\/span><\/p>\n<p class=\"font_8 wixui-rich-text__text\"><span class=\"wixui-rich-text__text\">Document \u00e0 conna\u00eetre ! Dans notre laboratoire, nous organisons des cours de photographie, de vid\u00e9o et de post-production d&rsquo;images, ce qui permet au clinicien, en toute autonomie, de pouvoir  <\/span><span class=\"wixui-rich-text__text\">composer un statut photographique unique.  <\/span><\/p>\n<\/div>\n<div id=\"comp-kk3yi51z\" class=\"MazNVa comp-kk3yi51z wixui-image\">\n<div class=\"j7pOnl\" data-testid=\"linkElement\">\n<div class=\"nTOEE9 sqUyGm\"> <\/div>\n<\/div>\n<\/div>\n<\/div>\n\t\t\t\t\t\t\t\t<\/div>\n\t\t\t\t<\/div>\n\t\t\t\t\t<\/div>\n\t\t<\/div>\n\t\t\t\t\t<\/div>\n\t\t<\/section>\n\t\t\t\t<\/div>\n\t\t","protected":false},"excerpt":{"rendered":"<p>Combien de fois avez-vous parl\u00e9 d&rsquo;un bon travail \u00e0 un coll\u00e8gue et ne pas pouvoir montrer une photo, le documenter ? \u00c0 l&rsquo;\u00e8re de la communication, il est essentiel d&rsquo;apprendre \u00e0 composer un puzzle de photos, qui permet d&rsquo;identifier vos comp\u00e9tences, votre pr\u00e9paration. L&rsquo;importance des photos pour la diffusion, le diagnostic, la comparaison des soins [&hellip;]<\/p>\n","protected":false},"author":13,"featured_media":0,"parent":0,"menu_order":0,"comment_status":"closed","ping_status":"open","template":"elementor_header_footer","meta":{"_seopress_robots_primary_cat":"","_seopress_titles_title":"","_seopress_titles_desc":"","_seopress_robots_index":"","footnotes":""},"class_list":["post-683","page","type-page","status-publish","hentry"],"_links":{"self":[{"href":"https:\/\/3dental.ch\/fr\/wp-json\/wp\/v2\/pages\/683","targetHints":{"allow":["GET"]}}],"collection":[{"href":"https:\/\/3dental.ch\/fr\/wp-json\/wp\/v2\/pages"}],"about":[{"href":"https:\/\/3dental.ch\/fr\/wp-json\/wp\/v2\/types\/page"}],"author":[{"embeddable":true,"href":"https:\/\/3dental.ch\/fr\/wp-json\/wp\/v2\/users\/13"}],"replies":[{"embeddable":true,"href":"https:\/\/3dental.ch\/fr\/wp-json\/wp\/v2\/comments?post=683"}],"version-history":[{"count":0,"href":"https:\/\/3dental.ch\/fr\/wp-json\/wp\/v2\/pages\/683\/revisions"}],"wp:attachment":[{"href":"https:\/\/3dental.ch\/fr\/wp-json\/wp\/v2\/media?parent=683"}],"curies":[{"name":"wp","href":"https:\/\/api.w.org\/{rel}","templated":true}]}}